{"id":5948,"date":"2023-10-24T09:14:41","date_gmt":"2023-10-24T07:14:41","guid":{"rendered":"https:\/\/www.hoffmann-federkerne.de\/wp-dt\/?page_id=5948"},"modified":"2023-10-26T10:09:52","modified_gmt":"2023-10-26T08:09:52","slug":"impressum","status":"publish","type":"page","link":"https:\/\/www.hoffmann-federkerne.de\/pl\/impressum\/","title":{"rendered":"Impressum"},"content":{"rendered":"<p>[et_pb_section fb_built=&#8221;1&#8243; _builder_version=&#8221;4.16&#8243; global_colors_info=&#8221;{}&#8221;][et_pb_row _builder_version=&#8221;4.16&#8243; background_size=&#8221;initial&#8221; background_position=&#8221;top_left&#8221; background_repeat=&#8221;repeat&#8221; global_colors_info=&#8221;{}&#8221;][et_pb_column type=&#8221;4_4&#8243; _builder_version=&#8221;4.16&#8243; custom_padding=&#8221;|||&#8221; global_colors_info=&#8221;{}&#8221; custom_padding__hover=&#8221;|||&#8221;][et_pb_text _builder_version=&#8221;4.16&#8243; background_size=&#8221;initial&#8221; background_position=&#8221;top_left&#8221; background_repeat=&#8221;repeat&#8221; global_colors_info=&#8221;{}&#8221;][\/et_pb_text][\/et_pb_column][\/et_pb_row][et_pb_row _builder_version=&#8221;4.16&#8243; background_size=&#8221;initial&#8221; background_position=&#8221;top_left&#8221; background_repeat=&#8221;repeat&#8221; global_colors_info=&#8221;{}&#8221;][et_pb_column type=&#8221;4_4&#8243; _builder_version=&#8221;4.16&#8243; custom_padding=&#8221;|||&#8221; global_colors_info=&#8221;{}&#8221; custom_padding__hover=&#8221;|||&#8221;][et_pb_text _builder_version=&#8221;4.23&#8243; background_size=&#8221;initial&#8221; background_position=&#8221;top_left&#8221; background_repeat=&#8221;repeat&#8221; border_style=&#8221;solid&#8221; global_colors_info=&#8221;{}&#8221;]<\/p>\n<h3><strong>Hoffmann GmbH<\/strong><\/h3>\n<p>Industriestra\u00dfe 15<br \/>96145 Se\u00dflach<br \/>Tel.: +49 95 69-92 41-0<br \/>Faks: +49 95 69-92 41-25<\/p>\n<p><a id=\"mail\" href=\"mailto:info@hoffmannsprings.eu\">info@hoffmannsprings.eu<\/a><\/p>\n<p>Dyrektor Zarz\u0105dzaj\u0105cy :<br \/>Gerhard Hoffmann<br \/>Dipl. \u2028- \u2028Ing (FH)<\/p>\n<p>Siedziba firmy:<\/p>\n<p>Industriestra\u00dfe 15<br \/>96145 Se\u00dflach<br \/>Reg.-Court Coburg, HRB1614<br \/>Nr identyfikacyjny VAT . \u2028DE254390034<\/p>\n<h3><\/h3>\n<h3><\/h3>\n<h3>Prawa autorskie:<\/h3>\n<p>\u00a9 Hoffmann GmbH Prawa autorskie 2023<\/p>\n<p>strona internetowa zosta\u0142a opracowana z najwi\u0119ksz\u0105 mo\u017cliw\u0105 staranno\u015bci\u0105 . \u2028Nie mo\u017cemy jednak zagwarantowa\u0107 , \u017ce zawarte informacje s\u0105 wolne od b\u0142\u0119d\u00f3w i dok\u0142adne. Je\u017celi naruszamy prawa autorskie os\u00f3b trzecich lub masz jakiekolwiek pytania, prosimy o niezw\u0142oczne powiadomienie nas.<\/p>\n<p>&nbsp;<\/p>\n<p>&nbsp;<\/p>\n<p>Zawarto\u015b\u0107 tej witryny jest chroniona prawem autorskim .<\/p>\n<p>udzielamy Pa\u0144stwu prawa do przechowywania i powielania materia\u0142\u00f3w udost\u0119pnionych w Internecie w celach prywatnych .<\/p>\n<p>Komercyjne wykorzystanie do dalszej publikacji lub bezp\u0142atnej dystrybucji jest dozwolone wy\u0142\u0105cznie po konsultacji z firm\u0105 Hoffmann GmbH.<\/p>\n<p>Informacje te podlegaj\u0105 aktualizacji.<\/p>\n<h3><\/h3>\n<h3><\/h3>\n<h3><strong>Informacja:<\/strong><\/h3>\n<p>My, firma Hoffmann GmbH, staramy si\u0119 publikowa\u0107 na tej stronie wy\u0142\u0105cznie kompletne i prawid\u0142owe informacje . Nie mo\u017cemy jednak ponosi\u0107 \u017cadnej odpowiedzialno\u015bci ani gwarantowa\u0107, \u017ce informacje s\u0105 aktualne , prawid\u0142owe i kompletne . \u2028Strona podlega ci\u0105g\u0142ym zmianom i uzupe\u0142nieniom , kt\u00f3re s\u0142u\u017c\u0105 aktualizacji i uzupe\u0142nieniu oferowanych informacji i funkcji.<br \/>Wydawca serwisu, firma Hoffmann GmbH, nie ponosi odpowiedzialno\u015bci za szkody bezpo\u015brednie lub po\u015brednie , w tym utracone zyski, jakie mog\u0105 by\u0107 zwi\u0105zane z korzystaniem z informacji i funkcji oferowanych przez t\u0119 witryn\u0119 . \u2028Dotyczy to r\u00f3wnie\u017c link\u00f3w (po\u0142\u0105cze\u0144) do innych stron internetowych, na kt\u00f3re firma Hoffmann GmbH nie ma wp\u0142ywu i za kt\u00f3rych tre\u015b\u0107 nie przejmuje \u017cadnej odpowiedzialno\u015bci .<\/p>\n<p>&nbsp;<\/p>\n<p><strong>Projektowanie i wdra\u017canie:<\/strong><\/p>\n<p><a href=\"https:\/\/www.creative-background.de\" target=\"_blank\" rel=\"noopener\">creative background \u2013<br \/>die Werbeagentur<br \/>in Coburg<\/a><\/p>\n<p>&nbsp;<\/p>\n<p>&nbsp;<\/p>\n<p>&nbsp;<\/p>\n<p>&nbsp;<\/p>\n<p>[\/et_pb_text][\/et_pb_column][\/et_pb_row][\/et_pb_section][et_pb_section fb_built=&#8221;1&#8243; _builder_version=&#8221;4.20.2&#8243; _module_preset=&#8221;default&#8221; background_color=&#8221;#dedede&#8221; saved_tabs=&#8221;all&#8221; collapsed=&#8221;on&#8221; global_colors_info=&#8221;{}&#8221; global_module=&#8221;6061&#8243; theme_builder_area=&#8221;post_content&#8221;][et_pb_row column_structure=&#8221;1_4,1_2,1_4&#8243; use_custom_gutter=&#8221;on&#8221; gutter_width=&#8221;1&#8243; _builder_version=&#8221;4.20.2&#8243; _module_preset=&#8221;default&#8221; global_colors_info=&#8221;{}&#8221; theme_builder_area=&#8221;post_content&#8221;][et_pb_column type=&#8221;1_4&#8243; _builder_version=&#8221;4.20.2&#8243; _module_preset=&#8221;default&#8221; custom_padding=&#8221;|50px||0px|false|false&#8221; global_colors_info=&#8221;{}&#8221; theme_builder_area=&#8221;post_content&#8221;][et_pb_image src=&#8221;https:\/\/www.hoffmann-federkerne.de\/wp-dt\/wp-content\/uploads\/2023\/07\/Hoffmann-logo.png&#8221; title_text=&#8221;Hoffmann-logo&#8221; _builder_version=&#8221;4.20.2&#8243; _module_preset=&#8221;default&#8221; custom_padding=&#8221;10px||||false|false&#8221; global_colors_info=&#8221;{}&#8221; theme_builder_area=&#8221;post_content&#8221;][\/et_pb_image][\/et_pb_column][et_pb_column type=&#8221;1_2&#8243; _builder_version=&#8221;4.20.2&#8243; _module_preset=&#8221;default&#8221; global_colors_info=&#8221;{}&#8221; theme_builder_area=&#8221;post_content&#8221;][et_pb_image src=&#8221;https:\/\/www.hoffmann-federkerne.de\/wp-dt\/wp-content\/uploads\/2023\/07\/zertifiziert_1_m.png&#8221; title_text=&#8221;zertifiziert_1_m&#8221; align=&#8221;right&#8221; align_tablet=&#8221;&#8221; align_phone=&#8221;left&#8221; align_last_edited=&#8221;on|desktop&#8221; _builder_version=&#8221;4.20.2&#8243; _module_preset=&#8221;default&#8221; global_colors_info=&#8221;{}&#8221; theme_builder_area=&#8221;post_content&#8221;][\/et_pb_image][\/et_pb_column][et_pb_column type=&#8221;1_4&#8243; _builder_version=&#8221;4.20.2&#8243; _module_preset=&#8221;default&#8221; global_colors_info=&#8221;{}&#8221; theme_builder_area=&#8221;post_content&#8221;][et_pb_image src=&#8221;https:\/\/www.hoffmann-federkerne.de\/wp-dt\/wp-content\/uploads\/2023\/07\/zertifiziert_2_m.png&#8221; title_text=&#8221;zertifiziert_2_m&#8221; _builder_version=&#8221;4.20.2&#8243; _module_preset=&#8221;default&#8221; global_colors_info=&#8221;{}&#8221; theme_builder_area=&#8221;post_content&#8221;][\/et_pb_image][\/et_pb_column][\/et_pb_row][et_pb_row column_structure=&#8221;1_5,3_5,1_5&#8243; use_custom_gutter=&#8221;on&#8221; gutter_width=&#8221;2&#8243; make_equal=&#8221;on&#8221; _builder_version=&#8221;4.16&#8243; background_size=&#8221;initial&#8221; background_position=&#8221;top_left&#8221; background_repeat=&#8221;repeat&#8221; custom_padding=&#8221;||0||false|false&#8221; use_custom_width=&#8221;on&#8221; custom_width_px=&#8221;1300px&#8221; global_colors_info=&#8221;{}&#8221; theme_builder_area=&#8221;post_content&#8221;][et_pb_column type=&#8221;1_5&#8243; _builder_version=&#8221;4.16&#8243; custom_padding=&#8221;|||&#8221; global_colors_info=&#8221;{}&#8221; custom_padding__hover=&#8221;|||&#8221; theme_builder_area=&#8221;post_content&#8221;][et_pb_text _builder_version=&#8221;4.23&#8243; _module_preset=&#8221;default&#8221; header_text_color=&#8221;#E02B20&#8243; header_3_text_color=&#8221;#004a83&#8243; global_colors_info=&#8221;{}&#8221; theme_builder_area=&#8221;post_content&#8221;]<\/p>\n<h3><strong>NIEMCY<\/strong><\/h3>\n<p>Hoffmann \u2028GmbH<br \/>Industriestrasse 15<br \/>96145 Se\u00dflach<\/p>\n<p>Tel.: +49 95 69-92 41-0<br \/>Faks: +49 95 69-92 41-25<\/p>\n<p>www.hoffmannsprings.eu<br \/><span style=\"color: #000000;\"><a style=\"color: #000000;\" href=\"mailto:info@hoffmannsprings.eu\">info@hoffmannsprings.eu<\/a><\/span><\/p>\n<p>[\/et_pb_text][et_pb_divider _builder_version=&#8221;4.20.2&#8243; _module_preset=&#8221;default&#8221; custom_margin=&#8221;||0px||false|false&#8221; custom_padding=&#8221;||0px||false|false&#8221; global_colors_info=&#8221;{}&#8221; theme_builder_area=&#8221;post_content&#8221;][\/et_pb_divider][et_pb_text admin_label=&#8221;B\u00fcrozeiten&#8221; _builder_version=&#8221;4.23&#8243; header_4_font_size=&#8221;14px&#8221; custom_padding=&#8221;||9px|||&#8221; border_style=&#8221;solid&#8221; locked=&#8221;off&#8221; global_colors_info=&#8221;{}&#8221; theme_builder_area=&#8221;post_content&#8221;]<\/p>\n<h4><strong>Godziny pracy Niemcy<\/strong><\/h4>\n<p><strong>Pon. &#8211; Czw.: 7:00 &#8211; 15:15<br \/>Pi\u0105tek: 7:00 &#8211; 12:15<\/strong><\/p>\n<p>[\/et_pb_text][\/et_pb_column][et_pb_column type=&#8221;3_5&#8243; _builder_version=&#8221;4.16&#8243; custom_padding=&#8221;|||&#8221; global_colors_info=&#8221;{}&#8221; custom_padding__hover=&#8221;|||&#8221; theme_builder_area=&#8221;post_content&#8221;][et_pb_image src=&#8221;https:\/\/www.hoffmann-federkerne.de\/wp-dt\/wp-content\/uploads\/2023\/05\/karte-deutschland-polen.png&#8221; title_text=&#8221;karte-deutschland-polen&#8221; align=&#8221;center&#8221; _builder_version=&#8221;4.20.2&#8243; _module_preset=&#8221;default&#8221; global_colors_info=&#8221;{}&#8221; theme_builder_area=&#8221;post_content&#8221;][\/et_pb_image][\/et_pb_column][et_pb_column type=&#8221;1_5&#8243; _builder_version=&#8221;4.16&#8243; custom_padding=&#8221;|||&#8221; global_colors_info=&#8221;{}&#8221; custom_padding__hover=&#8221;|||&#8221; theme_builder_area=&#8221;post_content&#8221;][et_pb_text _builder_version=&#8221;4.23&#8243; _module_preset=&#8221;default&#8221; header_text_color=&#8221;#E02B20&#8243; header_3_text_color=&#8221;#004a83&#8243; global_colors_info=&#8221;{}&#8221; theme_builder_area=&#8221;post_content&#8221;]<\/p>\n<h3><strong>POLSKA<\/strong><\/h3>\n<p>Hoffmann Sp. z o.o. \u2028<br \/>Leszczy\u0144ska 24A, <br \/>64-030 \u015amigiel<\/p>\n<p>Tel. 781 300 703<\/p>\n<p>www.hoffmannsprings.eu \u2028<br \/><span style=\"color: #000000;\"><a style=\"color: #000000;\" href=\"mailto:info@hoffmannsprings.pl\">info@hoffmannsprings.pl<\/a><\/span><\/p>\n<p>[\/et_pb_text][et_pb_divider _builder_version=&#8221;4.20.2&#8243; _module_preset=&#8221;default&#8221; custom_margin=&#8221;||0px||false|false&#8221; custom_padding=&#8221;||0px||false|false&#8221; global_colors_info=&#8221;{}&#8221; theme_builder_area=&#8221;post_content&#8221;][\/et_pb_divider][et_pb_text admin_label=&#8221;B\u00fcrozeiten&#8221; _builder_version=&#8221;4.23&#8243; header_4_font_size=&#8221;14px&#8221; custom_padding=&#8221;||9px|||&#8221; border_style=&#8221;solid&#8221; locked=&#8221;off&#8221; global_colors_info=&#8221;{}&#8221; theme_builder_area=&#8221;post_content&#8221;]<\/p>\n<h4><strong>Godziny pracy Polska<br \/><\/strong><\/h4>\n<p><strong>Pon. &#8211; Pi\u0105tek: 8:00 &#8211; 16:00<br \/><\/strong><\/p>\n<p>[\/et_pb_text][\/et_pb_column][\/et_pb_row][\/et_pb_section]<\/p>\n","protected":false},"excerpt":{"rendered":"<p>Hoffmann GmbH Industriestra\u00dfe 1596145 Se\u00dflachTel.: +49 95 69-92 41-0Faks: +49 95 69-92 41-25 info@hoffmannsprings.eu Dyrektor Zarz\u0105dzaj\u0105cy :Gerhard HoffmannDipl. \u2028- \u2028Ing (FH) Siedziba firmy: Industriestra\u00dfe 1596145 Se\u00dflachReg.-Court Coburg, HRB1614Nr identyfikacyjny VAT . \u2028DE254390034 Prawa autorskie: \u00a9 Hoffmann GmbH Prawa autorskie 2023 strona internetowa zosta\u0142a opracowana z najwi\u0119ksz\u0105 mo\u017cliw\u0105 staranno\u015bci\u0105 . \u2028Nie mo\u017cemy jednak zagwarantowa\u0107 , \u017ce [&hellip;]<\/p>\n","protected":false},"author":5,"featured_media":0,"parent":0,"menu_order":0,"comment_status":"open","ping_status":"open","template":"","meta":{"_et_pb_use_builder":"on","_et_pb_old_content":"<p>[et_pb_section fb_built=\"1\" _builder_version=\"4.16\" global_colors_info=\"{}\"][et_pb_row _builder_version=\"4.16\" background_size=\"initial\" background_position=\"top_left\" background_repeat=\"repeat\" global_colors_info=\"{}\"][et_pb_column type=\"4_4\" _builder_version=\"4.16\" custom_padding=\"|||\" global_colors_info=\"{}\" custom_padding__hover=\"|||\"][et_pb_text _builder_version=\"4.16\" background_size=\"initial\" background_position=\"top_left\" background_repeat=\"repeat\" global_colors_info=\"{}\"][\/et_pb_text][\/et_pb_column][\/et_pb_row][et_pb_row _builder_version=\"4.16\" background_size=\"initial\" background_position=\"top_left\" background_repeat=\"repeat\" global_colors_info=\"{}\"][et_pb_column type=\"4_4\" _builder_version=\"4.16\" custom_padding=\"|||\" global_colors_info=\"{}\" custom_padding__hover=\"|||\"][et_pb_text _builder_version=\"4.20.2\" background_size=\"initial\" background_position=\"top_left\" background_repeat=\"repeat\" border_style=\"solid\" global_colors_info=\"{}\"]<\/p><h3><strong>Hoffmann GmbH<\/strong><\/h3><p>Industriestra\u00dfe 15<br \/>96145 Se\u00dflach<br \/>Tel.: +49 95 69-92 41-0<br \/>Fax: +49 95 69-92 41-25<\/p><p><a id=\"mail\" href=\"mailto:info@hoffmannsprings.eu\">info@hoffmannsprings.eu<\/a><\/p><p>Gesch\u00e4ftsf\u00fchrer:<br \/>Gerhard Hoffmann<br \/>Dipl.-Ing (FH)<\/p><p>Sitz der Gesellschaft:<\/p><p>Industriestra\u00dfe 15<br \/>96145 Se\u00dflach<br \/>Reg.-Gericht Coburg, HRB1614<br \/>Ust.-IDNr. DE254390034<\/p><h3>\u00a0<\/h3><h3>\u00a0<\/h3><h3><strong>Urheberrecht:<\/strong><\/h3><p>\u00a9 Hoffmann GmbH Copyright 2023<\/p><p>Diese Website wurde mit gr\u00f6\u00dftm\u00f6glicher F\u00fcrsorglichkeit zusammengestellt.<br \/>Wir k\u00f6nnen aber nicht f\u00fcr die Fehlerfreiheit und Genauigkeit der enthaltenen Informationen garantieren. Sollten wir das Urheberrecht Dritter verletzt oder Sie Fragen haben, bitten wir um sofortige Benachrichtigung.<\/p><p>\u00a0<\/p><p>\u00a0<\/p><p>Der Inhalt dieser Web-Site ist urheberrechtlich gesch\u00fctzt.<\/p><p>Wir r\u00e4umen Ihnen aber das Recht ein, das im Internet bereitgestellte Material zu privaten Zwecken zu speichern und zu vervielf\u00e4ltigen.<\/p><p>Kommerzielle Nutzung zur Weiterver\u00f6ffentlichung oder kostenlosen Verteilung ist nur nach Absprache mit der Hoffmann GmbH erlaubt.<\/p><p>Diese Hinweise unterliegen der Aktualisierung.<\/p><h3>\u00a0<\/h3><h3>\u00a0<\/h3><h3><strong>Haftung:<\/strong><\/h3><p>Wir, die Hoffmann GmbH, sind bem\u00fcht, auf dieser Web-Site nur vollst\u00e4ndige und richtige Informationen zu ver\u00f6ffentlichen. Wir k\u00f6nnen jedoch keine Haftung oder Garantie f\u00fcr Aktualit\u00e4t, Richtigkeit und Vollst\u00e4ndigkeit der Informationen \u00fcbernehmen.<br \/>Die Site ist st\u00e4ndig Ver\u00e4nderungen und Erg\u00e4nzungen unterworfen, die der Aktualisierung und Vervollst\u00e4ndigung der angebotenen Informationen und Funktionen dienen.<\/p><p>Der Herausgeber der Site, die Hoffmann GmbH, haftet nicht f\u00fcr direkte oder indirekte Sch\u00e4den, einschlie\u00dflich entgangenen Gewinns, die mit der Nutzung des Informations- und Funktionsangebots dieser Site in Verbindung gebracht werden k\u00f6nnen.<br \/>Dies gilt auch f\u00fcr die Links (Verbindungen) zu anderen Sites, auf die die Hoffmann GmbH keinen Einfluss hat, und f\u00fcr deren Inhalt keine Verantwortung \u00fcbernommen werden kann.<\/p><p>\u00a0<\/p><p><strong>Design und Umsetzung:<\/strong><\/p><p><a href=\"https:\/\/www.creative-background.de\" target=\"_blank\" rel=\"noopener\">creative background \u2013<br \/>die Werbeagentur<br \/>in Coburg<\/a><\/p><p>\u00a0<\/p><p>\u00a0<\/p><p>\u00a0<\/p><p>\u00a0<\/p><p>[\/et_pb_text][\/et_pb_column][\/et_pb_row][\/et_pb_section][et_pb_section fb_built=\"1\" _builder_version=\"4.20.2\" _module_preset=\"default\" background_color=\"#dedede\" locked=\"off\" collapsed=\"on\" global_colors_info=\"{}\"][et_pb_row column_structure=\"1_4,1_2,1_4\" use_custom_gutter=\"on\" gutter_width=\"1\" _builder_version=\"4.20.2\" _module_preset=\"default\" global_colors_info=\"{}\"][et_pb_column type=\"1_4\" _builder_version=\"4.20.2\" _module_preset=\"default\" custom_padding=\"|50px||0px|false|false\" global_colors_info=\"{}\"][et_pb_image src=\"https:\/\/www.hoffmann-federkerne.de\/wp-dt\/wp-content\/uploads\/2023\/07\/Hoffmann-logo.png\" title_text=\"Hoffmann-logo\" _builder_version=\"4.20.2\" _module_preset=\"default\" custom_padding=\"10px||||false|false\" global_colors_info=\"{}\"][\/et_pb_image][\/et_pb_column][et_pb_column type=\"1_2\" _builder_version=\"4.20.2\" _module_preset=\"default\" global_colors_info=\"{}\"][et_pb_image src=\"https:\/\/www.hoffmann-federkerne.de\/wp-dt\/wp-content\/uploads\/2023\/07\/zertifiziert_1_m.png\" title_text=\"zertifiziert_1_m\" align=\"right\" align_tablet=\"\" align_phone=\"left\" align_last_edited=\"on|desktop\" _builder_version=\"4.20.2\" _module_preset=\"default\" global_colors_info=\"{}\"][\/et_pb_image][\/et_pb_column][et_pb_column type=\"1_4\" _builder_version=\"4.20.2\" _module_preset=\"default\" global_colors_info=\"{}\"][et_pb_image src=\"https:\/\/www.hoffmann-federkerne.de\/wp-dt\/wp-content\/uploads\/2023\/07\/zertifiziert_2_m.png\" title_text=\"zertifiziert_2_m\" _builder_version=\"4.20.2\" _module_preset=\"default\" global_colors_info=\"{}\"][\/et_pb_image][\/et_pb_column][\/et_pb_row][et_pb_row column_structure=\"1_5,3_5,1_5\" use_custom_gutter=\"on\" gutter_width=\"2\" make_equal=\"on\" _builder_version=\"4.16\" background_size=\"initial\" background_position=\"top_left\" background_repeat=\"repeat\" custom_padding=\"||0||false|false\" use_custom_width=\"on\" custom_width_px=\"1300px\" global_colors_info=\"{}\"][et_pb_column type=\"1_5\" _builder_version=\"4.16\" custom_padding=\"|||\" global_colors_info=\"{}\" custom_padding__hover=\"|||\"][et_pb_text _builder_version=\"4.20.2\" _module_preset=\"default\" header_text_color=\"#E02B20\" header_3_text_color=\"#004a83\" saved_tabs=\"all\" global_colors_info=\"{}\"]<\/p><h3><strong>DEUTSCHLAND<\/strong><\/h3><p>Hoffmann GmbH<br \/>Industriestra\u00dfe 15<br \/>96145 Se\u00dflach<\/p><p>Tel.: +49 95 69-92 41-0<br \/>Fax: +49 95 69-92 41-25<\/p><p>www.hoffmannsprings.eu<br \/><span style=\"color: #000000;\"><a style=\"color: #000000;\" href=\"mailto:info@hoffmannsprings.eu\">info@hoffmannsprings.eu<\/a><\/span><\/p><p>[\/et_pb_text][et_pb_divider _builder_version=\"4.20.2\" _module_preset=\"default\" custom_margin=\"||0px||false|false\" custom_padding=\"||0px||false|false\" saved_tabs=\"all\" global_colors_info=\"{}\"][\/et_pb_divider][et_pb_text admin_label=\"B\u00fcrozeiten\" _builder_version=\"4.20.2\" header_4_font_size=\"14px\" custom_padding=\"||9px|||\" border_style=\"solid\" saved_tabs=\"all\" global_colors_info=\"{}\" locked=\"off\"]<\/p><h4><strong>B\u00fcrozeiten Deutschland<\/strong><\/h4><p><strong>Mo. - \u00a0Do.: 7:00 bis 15:15 Uhr<\/strong><br \/><strong>Fr.: 7:00 bis 12:15 Uhr<\/strong><\/p><p>[\/et_pb_text][\/et_pb_column][et_pb_column type=\"3_5\" _builder_version=\"4.16\" custom_padding=\"|||\" global_colors_info=\"{}\" custom_padding__hover=\"|||\"][et_pb_image src=\"https:\/\/www.hoffmann-federkerne.de\/wp-dt\/wp-content\/uploads\/2023\/05\/karte-deutschland-polen.png\" title_text=\"karte-deutschland-polen\" align=\"center\" _builder_version=\"4.20.2\" _module_preset=\"default\" global_colors_info=\"{}\"][\/et_pb_image][\/et_pb_column][et_pb_column type=\"1_5\" _builder_version=\"4.16\" custom_padding=\"|||\" global_colors_info=\"{}\" custom_padding__hover=\"|||\"][et_pb_text _builder_version=\"4.20.2\" _module_preset=\"default\" header_text_color=\"#E02B20\" header_3_text_color=\"#004a83\" saved_tabs=\"all\" global_colors_info=\"{}\"]<\/p><h3><strong>POLEN<\/strong><\/h3><p>Hoffmann Sp. z o. o.<br \/>ul. Leszczy\u0144ska 24A<br \/>64-030 \u015amigiel<\/p><p>Tel.: \u00a0+48 65 511-78-50<br \/>Fax: \u00a0+48 65 518-07-93<\/p><p>www.hoffmannsprings.eu<br \/><span style=\"color: #000000;\"><a style=\"color: #000000;\" href=\"mailto:info@hoffmannsprings.pl\">info@hoffmannsprings.pl<\/a><\/span><\/p><p>[\/et_pb_text][et_pb_divider _builder_version=\"4.20.2\" _module_preset=\"default\" custom_margin=\"||0px||false|false\" custom_padding=\"||0px||false|false\" global_colors_info=\"{}\"][\/et_pb_divider][et_pb_text admin_label=\"B\u00fcrozeiten\" _builder_version=\"4.20.2\" header_4_font_size=\"14px\" custom_padding=\"||9px|||\" border_style=\"solid\" saved_tabs=\"all\" global_colors_info=\"{}\" locked=\"off\"]<\/p><h4><strong>B\u00fcrozeiten Polen<\/strong><\/h4><p><strong>Mo. - Fr.: 8:00 bis 16:00 Uhr<\/strong><\/p><p>[\/et_pb_text][\/et_pb_column][\/et_pb_row][\/et_pb_section]<\/p>","_et_gb_content_width":"","footnotes":""},"class_list":["post-5948","page","type-page","status-publish","hentry"],"wps_subtitle":"","_links":{"self":[{"href":"https:\/\/www.hoffmann-federkerne.de\/pl\/wp-json\/wp\/v2\/pages\/5948","targetHints":{"allow":["GET"]}}],"collection":[{"href":"https:\/\/www.hoffmann-federkerne.de\/pl\/wp-json\/wp\/v2\/pages"}],"about":[{"href":"https:\/\/www.hoffmann-federkerne.de\/pl\/wp-json\/wp\/v2\/types\/page"}],"author":[{"embeddable":true,"href":"https:\/\/www.hoffmann-federkerne.de\/pl\/wp-json\/wp\/v2\/users\/5"}],"replies":[{"embeddable":true,"href":"https:\/\/www.hoffmann-federkerne.de\/pl\/wp-json\/wp\/v2\/comments?post=5948"}],"version-history":[{"count":7,"href":"https:\/\/www.hoffmann-federkerne.de\/pl\/wp-json\/wp\/v2\/pages\/5948\/revisions"}],"predecessor-version":[{"id":6075,"href":"https:\/\/www.hoffmann-federkerne.de\/pl\/wp-json\/wp\/v2\/pages\/5948\/revisions\/6075"}],"wp:attachment":[{"href":"https:\/\/www.hoffmann-federkerne.de\/pl\/wp-json\/wp\/v2\/media?parent=5948"}],"curies":[{"name":"wp","href":"https:\/\/api.w.org\/{rel}","templated":true}]}}