{"id":5430,"date":"2023-08-10T10:44:37","date_gmt":"2023-08-10T08:44:37","guid":{"rendered":"https:\/\/www.hoffmann-federkerne.de\/wp-dt\/?page_id=5430"},"modified":"2023-08-31T14:54:04","modified_gmt":"2023-08-31T12:54:04","slug":"aktuelle-stellenangebote","status":"publish","type":"page","link":"https:\/\/www.hoffmann-federkerne.de\/en\/aktuelle-stellenangebote\/","title":{"rendered":"Career"},"content":{"rendered":"<p>[et_pb_section fb_built=&#8221;1&#8243; fullwidth=&#8221;on&#8221; _builder_version=&#8221;4.16&#8243; global_colors_info=&#8221;{}&#8221;][et_pb_fullwidth_slider _builder_version=&#8221;4.20.2&#8243; _module_preset=&#8221;default&#8221; hover_enabled=&#8221;0&#8243; global_colors_info=&#8221;{}&#8221; sticky_enabled=&#8221;0&#8243;][et_pb_slide _builder_version=&#8221;4.20.2&#8243; _module_preset=&#8221;default&#8221; background_enable_color=&#8221;off&#8221; background_image=&#8221;https:\/\/www.hoffmann-federkerne.de\/wp-dt\/wp-content\/uploads\/2023\/07\/head_neu_Aktuelle-Stellenangebote_2.jpg&#8221; background_enable_image=&#8221;on&#8221; global_colors_info=&#8221;{}&#8221; sticky_transition=&#8221;on&#8221;][\/et_pb_slide][et_pb_slide _builder_version=&#8221;4.20.2&#8243; _module_preset=&#8221;default&#8221; background_enable_color=&#8221;off&#8221; background_image=&#8221;https:\/\/www.hoffmann-federkerne.de\/wp-dt\/wp-content\/uploads\/2023\/08\/im-herzen_2en.jpg&#8221; background_enable_image=&#8221;on&#8221; hover_enabled=&#8221;0&#8243; global_colors_info=&#8221;{}&#8221; sticky_transition=&#8221;on&#8221; title_text=&#8221;im-herzen_2en&#8221; sticky_enabled=&#8221;0&#8243;][\/et_pb_slide][et_pb_slide _builder_version=&#8221;4.20.2&#8243; _module_preset=&#8221;default&#8221; background_enable_color=&#8221;off&#8221; background_image=&#8221;https:\/\/www.hoffmann-federkerne.de\/wp-dt\/wp-content\/uploads\/2023\/08\/DSC_6927_1en.jpg&#8221; background_enable_image=&#8221;on&#8221; hover_enabled=&#8221;0&#8243; global_colors_info=&#8221;{}&#8221; sticky_transition=&#8221;on&#8221; title_text=&#8221;DSC_6927_1en&#8221; sticky_enabled=&#8221;0&#8243;][\/et_pb_slide][\/et_pb_fullwidth_slider][\/et_pb_section][et_pb_section fb_built=&#8221;1&#8243; _builder_version=&#8221;4.16&#8243; global_module=&#8221;5781&#8243; saved_tabs=&#8221;all&#8221; global_colors_info=&#8221;{}&#8221;][et_pb_row column_structure=&#8221;2_3,1_3&#8243; _builder_version=&#8221;4.16&#8243; background_size=&#8221;initial&#8221; background_position=&#8221;top_left&#8221; background_repeat=&#8221;repeat&#8221; global_colors_info=&#8221;{}&#8221;][et_pb_column type=&#8221;2_3&#8243; _builder_version=&#8221;4.16&#8243; custom_padding=&#8221;|||&#8221; global_colors_info=&#8221;{}&#8221; custom_padding__hover=&#8221;|||&#8221;][et_pb_text admin_label=&#8221;Title&#8221; _builder_version=&#8221;4.20.2&#8243; text_font=&#8221;Rubik|500|||||||&#8221; text_text_color=&#8221;#595959&#8243; text_font_size=&#8221;16px&#8221; text_line_height=&#8221;2em&#8221; quote_font=&#8221;||||||||&#8221; header_font=&#8221;||||||||&#8221; header_text_color=&#8221;#000000&#8243; header_2_font=&#8221;Rubik|700|||||||&#8221; header_2_text_color=&#8221;#7a7a7a&#8221; header_2_font_size=&#8221;30px&#8221; header_2_line_height=&#8221;1.4em&#8221; header_5_font=&#8221;Rubik|700||on|||||&#8221; header_5_letter_spacing=&#8221;5px&#8221; header_5_line_height=&#8221;1.2em&#8221; background_layout=&#8221;dark&#8221; max_width=&#8221;700px&#8221; max_width_tablet=&#8221;&#8221; max_width_phone=&#8221;&#8221; max_width_last_edited=&#8221;on|phone&#8221; custom_margin=&#8221;30px||||false|false&#8221; custom_margin_tablet=&#8221;0px||||false|false&#8221; custom_margin_phone=&#8221;30px||||false|false&#8221; custom_margin_last_edited=&#8221;on|desktop&#8221; custom_padding_tablet=&#8221;&#8221; custom_padding_phone=&#8221;&#8221; custom_padding_last_edited=&#8221;on|tablet&#8221; text_line_height_last_edited=&#8221;off|desktop&#8221; header_2_font_size_tablet=&#8221;&#8221; header_2_font_size_phone=&#8221;30px&#8221; header_2_font_size_last_edited=&#8221;on|phone&#8221; border_color_all=&#8221;#ababab&#8221; border_color_left=&#8221;#9b9b9b&#8221; locked=&#8221;off&#8221; inline_fonts=&#8221;Sacramento&#8221; global_colors_info=&#8221;{}&#8221;]<\/p>\n<h2 style=\"text-align: left;\">Hoffmann spring cores<\/h2>\n<p>[\/et_pb_text][et_pb_text _builder_version=&#8221;4.20.2&#8243; text_font_size=&#8221;16px&#8221; text_line_height=&#8221;1.8em&#8221; header_3_line_height=&#8221;2em&#8221; background_size=&#8221;initial&#8221; background_position=&#8221;top_left&#8221; background_repeat=&#8221;repeat&#8221; border_style=&#8221;solid&#8221; global_colors_info=&#8221;{}&#8221;]<\/p>\n<p>Get informed about current job offers in Poland and Germany.<\/p>\n<p>[\/et_pb_text][\/et_pb_column][et_pb_column type=&#8221;1_3&#8243; _builder_version=&#8221;4.16&#8243; custom_padding=&#8221;|||&#8221; global_colors_info=&#8221;{}&#8221; custom_padding__hover=&#8221;|||&#8221;][et_pb_divider show_divider=&#8221;off&#8221; _builder_version=&#8221;4.20.2&#8243; _module_preset=&#8221;default&#8221; height=&#8221;100px&#8221; global_colors_info=&#8221;{}&#8221;][\/et_pb_divider][et_pb_text _builder_version=&#8221;4.20.2&#8243; text_font_size=&#8221;16px&#8221; text_line_height=&#8221;1.8em&#8221; header_3_line_height=&#8221;2em&#8221; background_size=&#8221;initial&#8221; background_position=&#8221;top_left&#8221; background_repeat=&#8221;repeat&#8221; custom_margin_tablet=&#8221;&#8221; custom_margin_phone=&#8221;||30px||false|false&#8221; custom_margin_last_edited=&#8221;on|phone&#8221; border_style=&#8221;solid&#8221; global_colors_info=&#8221;{}&#8221;]<\/p>\n<p><strong>Contact for applicants<\/strong><br \/>Hoffmann GmbH<\/p>\n<p>Tel.: +49 95 69-41-0<\/p>\n<p>E-Mail: <a href=\"mailto:personal@hoffmannsprings.eu\">personal@hoffmannsprings.eu<\/a><\/p>\n<p>[\/et_pb_text][\/et_pb_column][\/et_pb_row][et_pb_row _builder_version=&#8221;4.16&#8243; background_size=&#8221;initial&#8221; background_position=&#8221;top_left&#8221; background_repeat=&#8221;repeat&#8221; global_colors_info=&#8221;{}&#8221;][et_pb_column type=&#8221;4_4&#8243; _builder_version=&#8221;4.16&#8243; custom_padding=&#8221;|||&#8221; global_colors_info=&#8221;{}&#8221; custom_padding__hover=&#8221;|||&#8221;][et_pb_divider show_divider=&#8221;off&#8221; disabled_on=&#8221;on|on|off&#8221; _builder_version=&#8221;4.16&#8243; height=&#8221;50px&#8221; hide_on_mobile=&#8221;on&#8221; global_colors_info=&#8221;{}&#8221;][\/et_pb_divider][\/et_pb_column][\/et_pb_row][\/et_pb_section][et_pb_section fb_built=&#8221;1&#8243; _builder_version=&#8221;4.20.2&#8243; _module_preset=&#8221;default&#8221; background_color=&#8221;#dedede&#8221; global_module=&#8221;5589&#8243; saved_tabs=&#8221;all&#8221; global_colors_info=&#8221;{}&#8221;][et_pb_row column_structure=&#8221;1_4,1_2,1_4&#8243; use_custom_gutter=&#8221;on&#8221; gutter_width=&#8221;1&#8243; _builder_version=&#8221;4.20.2&#8243; _module_preset=&#8221;default&#8221; global_colors_info=&#8221;{}&#8221;][et_pb_column type=&#8221;1_4&#8243; _builder_version=&#8221;4.20.2&#8243; _module_preset=&#8221;default&#8221; custom_padding=&#8221;|50px||0px|false|false&#8221; global_colors_info=&#8221;{}&#8221;][et_pb_image src=&#8221;https:\/\/www.hoffmann-federkerne.de\/wp-dt\/wp-content\/uploads\/2023\/07\/Hoffmann-logo.png&#8221; title_text=&#8221;Hoffmann-logo&#8221; _builder_version=&#8221;4.20.2&#8243; _module_preset=&#8221;default&#8221; custom_padding=&#8221;10px||||false|false&#8221; global_colors_info=&#8221;{}&#8221;][\/et_pb_image][\/et_pb_column][et_pb_column type=&#8221;1_2&#8243; _builder_version=&#8221;4.20.2&#8243; _module_preset=&#8221;default&#8221; global_colors_info=&#8221;{}&#8221;][et_pb_image src=&#8221;https:\/\/www.hoffmann-federkerne.de\/wp-dt\/wp-content\/uploads\/2023\/07\/zertifiziert_1_m.png&#8221; title_text=&#8221;zertifiziert_1_m&#8221; align=&#8221;right&#8221; align_tablet=&#8221;&#8221; align_phone=&#8221;left&#8221; align_last_edited=&#8221;on|desktop&#8221; _builder_version=&#8221;4.20.2&#8243; _module_preset=&#8221;default&#8221; global_colors_info=&#8221;{}&#8221;][\/et_pb_image][\/et_pb_column][et_pb_column type=&#8221;1_4&#8243; _builder_version=&#8221;4.20.2&#8243; _module_preset=&#8221;default&#8221; global_colors_info=&#8221;{}&#8221;][et_pb_image src=&#8221;https:\/\/www.hoffmann-federkerne.de\/wp-dt\/wp-content\/uploads\/2023\/07\/zertifiziert_2_m.png&#8221; title_text=&#8221;zertifiziert_2_m&#8221; _builder_version=&#8221;4.20.2&#8243; _module_preset=&#8221;default&#8221; global_colors_info=&#8221;{}&#8221;][\/et_pb_image][\/et_pb_column][\/et_pb_row][et_pb_row column_structure=&#8221;1_5,3_5,1_5&#8243; use_custom_gutter=&#8221;on&#8221; gutter_width=&#8221;2&#8243; make_equal=&#8221;on&#8221; _builder_version=&#8221;4.16&#8243; background_size=&#8221;initial&#8221; background_position=&#8221;top_left&#8221; background_repeat=&#8221;repeat&#8221; custom_padding=&#8221;||0||false|false&#8221; use_custom_width=&#8221;on&#8221; custom_width_px=&#8221;1300px&#8221; global_colors_info=&#8221;{}&#8221;][et_pb_column type=&#8221;1_5&#8243; _builder_version=&#8221;4.16&#8243; custom_padding=&#8221;|||&#8221; global_colors_info=&#8221;{}&#8221; custom_padding__hover=&#8221;|||&#8221;][et_pb_text _builder_version=&#8221;4.20.2&#8243; _module_preset=&#8221;default&#8221; header_text_color=&#8221;#E02B20&#8243; header_3_text_color=&#8221;#004a83&#8243; global_colors_info=&#8221;{}&#8221;]<\/p>\n<h3><strong>GERMANY<\/strong><\/h3>\n<p>Hoffmann GmbH<br \/>Industriestra\u00dfe 15<br \/>96145 Se\u00dflach<\/p>\n<p>phone: +49 95 69-92 41-0<br \/>fax: +49 95 69-92 41-25<\/p>\n<p>www.hoffmannsprings.eu<br \/><span style=\"color: #000000;\"><a style=\"color: #000000;\" href=\"mailto:info@hoffmannsprings.eu\">info@hoffmannsprings.eu<\/a><\/span><\/p>\n<p>[\/et_pb_text][et_pb_divider _builder_version=&#8221;4.20.2&#8243; _module_preset=&#8221;default&#8221; custom_margin=&#8221;||0px||false|false&#8221; custom_padding=&#8221;||0px||false|false&#8221; global_colors_info=&#8221;{}&#8221;][\/et_pb_divider][et_pb_text admin_label=&#8221;B\u00fcrozeiten&#8221; _builder_version=&#8221;4.20.2&#8243; custom_padding=&#8221;||9px|||&#8221; border_style=&#8221;solid&#8221; global_colors_info=&#8221;{}&#8221;]<\/p>\n<h4><strong>Office hours<br \/><\/strong><\/h4>\n<p><strong>Mo. &#8211; Th.: 7:00 a.m. to 15:15 p.m.<\/strong><br \/><strong>Fr.: 7:00 a.m. to 12:15 p.m.<\/strong><\/p>\n<p>[\/et_pb_text][\/et_pb_column][et_pb_column type=&#8221;3_5&#8243; _builder_version=&#8221;4.16&#8243; custom_padding=&#8221;|||&#8221; global_colors_info=&#8221;{}&#8221; custom_padding__hover=&#8221;|||&#8221;][et_pb_image src=&#8221;https:\/\/www.hoffmann-federkerne.de\/wp-dt\/wp-content\/uploads\/2023\/05\/karte-deutschland-polen.png&#8221; title_text=&#8221;karte-deutschland-polen&#8221; align=&#8221;center&#8221; _builder_version=&#8221;4.20.2&#8243; _module_preset=&#8221;default&#8221; global_colors_info=&#8221;{}&#8221;][\/et_pb_image][\/et_pb_column][et_pb_column type=&#8221;1_5&#8243; _builder_version=&#8221;4.16&#8243; custom_padding=&#8221;|||&#8221; global_colors_info=&#8221;{}&#8221; custom_padding__hover=&#8221;|||&#8221;][et_pb_text _builder_version=&#8221;4.20.2&#8243; _module_preset=&#8221;default&#8221; header_text_color=&#8221;#E02B20&#8243; header_3_text_color=&#8221;#004a83&#8243; global_colors_info=&#8221;{}&#8221;]<\/p>\n<h3><strong>POLAND<\/strong><\/h3>\n<p>Hoffmann Sp. z o. o.<br \/>ul. Leszczy\u0144ska 24A<br \/>64-030 \u015amigiel<\/p>\n<p>phone: \u00a0+48 65 511-78-50<br \/>fax: \u00a0+48 65 518-07-93<\/p>\n<p>www.hoffmannsprings.eu<br \/><span style=\"color: #000000;\"><a style=\"color: #000000;\" href=\"mailto:info@hoffmannsprings.pl\">info@hoffmannsprings.pl<\/a><\/span><\/p>\n<p>[\/et_pb_text][et_pb_divider _builder_version=&#8221;4.20.2&#8243; _module_preset=&#8221;default&#8221; custom_margin=&#8221;||0px||false|false&#8221; custom_padding=&#8221;||0px||false|false&#8221; global_colors_info=&#8221;{}&#8221;][\/et_pb_divider][et_pb_text admin_label=&#8221;B\u00fcrozeiten&#8221; _builder_version=&#8221;4.20.2&#8243; custom_padding=&#8221;||9px|||&#8221; border_style=&#8221;solid&#8221; global_colors_info=&#8221;{}&#8221;]<\/p>\n<h4><strong>Office hours<br \/><\/strong><\/h4>\n<p><strong>Mo. &#8211; <\/strong><strong>Fr.: 8:00 a.m. to 16:00 p.m.<\/strong><\/p>\n<p>[\/et_pb_text][\/et_pb_column][\/et_pb_row][\/et_pb_section][et_pb_section fb_built=&#8221;1&#8243; _builder_version=&#8221;4.20.2&#8243; _module_preset=&#8221;default&#8221; global_colors_info=&#8221;{}&#8221;][\/et_pb_section]<\/p>\n","protected":false},"excerpt":{"rendered":"<p>Hoffmann spring coresGet informed about current job offers in Poland and Germany.Contact for applicantsHoffmann GmbH Tel.: +49 95 69-41-0 E-Mail: personal@hoffmannsprings.euGERMANY Hoffmann GmbHIndustriestra\u00dfe 1596145 Se\u00dflach phone: +49 95 69-92 41-0fax: +49 95 69-92 41-25 www.hoffmannsprings.euinfo@hoffmannsprings.euOffice hours Mo. &#8211; Th.: 7:00 a.m. to 15:15 p.m.Fr.: 7:00 a.m. to 12:15 p.m.POLAND Hoffmann Sp. z o. o.ul. Leszczy\u0144ska [&hellip;]<\/p>\n","protected":false},"author":5,"featured_media":0,"parent":0,"menu_order":0,"comment_status":"closed","ping_status":"closed","template":"","meta":{"_et_pb_use_builder":"on","_et_pb_old_content":"<p>[et_pb_section fb_built=\"1\" fullwidth=\"on\" _builder_version=\"4.16\" global_colors_info=\"{}\"][et_pb_fullwidth_slider _builder_version=\"4.20.2\" _module_preset=\"default\" global_colors_info=\"{}\"][et_pb_slide _builder_version=\"4.20.2\" _module_preset=\"default\" background_enable_color=\"off\" background_image=\"https:\/\/www.hoffmann-federkerne.de\/wp-dt\/wp-content\/uploads\/2023\/07\/head_neu_Aktuelle-Stellenangebote_2.jpg\" background_enable_image=\"on\" global_colors_info=\"{}\" sticky_transition=\"on\"][\/et_pb_slide][et_pb_slide _builder_version=\"4.20.2\" _module_preset=\"default\" background_enable_color=\"off\" background_image=\"https:\/\/www.hoffmann-federkerne.de\/wp-dt\/wp-content\/uploads\/2023\/05\/im-Herzen-Europas_schlanker-topaz-denoise.jpg\" background_enable_image=\"on\" global_colors_info=\"{}\" sticky_transition=\"on\"][\/et_pb_slide][et_pb_slide _builder_version=\"4.20.2\" _module_preset=\"default\" background_enable_color=\"off\" background_image=\"https:\/\/www.hoffmann-federkerne.de\/wp-dt\/wp-content\/uploads\/2023\/06\/Slider_Start.jpg\" background_enable_image=\"on\" global_colors_info=\"{}\" sticky_transition=\"on\"][\/et_pb_slide][\/et_pb_fullwidth_slider][\/et_pb_section][et_pb_section fb_built=\"1\" _builder_version=\"4.16\" global_colors_info=\"{}\"][et_pb_row column_structure=\"2_3,1_3\" _builder_version=\"4.16\" background_size=\"initial\" background_position=\"top_left\" background_repeat=\"repeat\" global_colors_info=\"{}\"][et_pb_column type=\"2_3\" _builder_version=\"4.16\" custom_padding=\"|||\" global_colors_info=\"{}\" custom_padding__hover=\"|||\"][et_pb_text admin_label=\"Title\" _builder_version=\"4.20.2\" text_font=\"Rubik|500|||||||\" text_text_color=\"#595959\" text_font_size=\"16px\" text_line_height=\"2em\" quote_font=\"||||||||\" header_font=\"||||||||\" header_text_color=\"#000000\" header_2_font=\"Rubik|700|||||||\" header_2_text_color=\"#7a7a7a\" header_2_font_size=\"30px\" header_2_line_height=\"1.4em\" header_5_font=\"Rubik|700||on|||||\" header_5_letter_spacing=\"5px\" header_5_line_height=\"1.2em\" background_layout=\"dark\" max_width=\"700px\" max_width_tablet=\"\" max_width_phone=\"\" max_width_last_edited=\"on|phone\" custom_margin=\"30px||||false|false\" custom_margin_tablet=\"0px||||false|false\" custom_margin_phone=\"30px||||false|false\" custom_margin_last_edited=\"on|desktop\" custom_padding_tablet=\"\" custom_padding_phone=\"\" custom_padding_last_edited=\"on|tablet\" text_line_height_last_edited=\"off|desktop\" header_2_font_size_tablet=\"\" header_2_font_size_phone=\"30px\" header_2_font_size_last_edited=\"on|phone\" border_color_all=\"#ababab\" border_color_left=\"#9b9b9b\" locked=\"off\" inline_fonts=\"Sacramento\" global_colors_info=\"{}\"]<\/p><h2 style=\"text-align: left;\">Hoffmann Federkerne<\/h2><p>[\/et_pb_text][et_pb_text _builder_version=\"4.20.2\" text_font_size=\"16px\" text_line_height=\"1.8em\" header_3_line_height=\"2em\" background_size=\"initial\" background_position=\"top_left\" background_repeat=\"repeat\" border_style=\"solid\" global_colors_info=\"{}\"]<\/p><h3>Maschinen- und Anlagenf\u00fchrer \/ Einrichter (m\/w\/d)<\/h3><p>Die Hoffmann GmbH produziert an zwei Standorten, am Hauptsitz in Se\u00dflach und im polnischen Smigiel, Federkerne f\u00fcr hochwertigen Sitz- und Liegekomfort. Die Kernkompetenzen des Unternehmens liegen, vom Federstahldraht ausgehend, im Winden von einzelnen Federn und in der anschlie\u00dfenden Montage zum Federkern. Bediente Marktsegmente sind die Polsterm\u00f6bel-, die Matratzen-, die Sitzm\u00f6bel-, Passagiersitz-, sowie die Gesundheitsbranche.<\/p><h3>F\u00fcr unser Hauptwerk in Se\u00dflach suchen wir Sie als Einrichter (m\/w\/d):<\/h3><h3>\u00a0<\/h3><h3>Ihre Aufgaben:<\/h3><ul><li>Programmierung, Einrichtung und Bedienung von Federwinde- und Montagemaschinen<\/li><li>R\u00fcsten der Produktionsmaschinen nach Anweisung, Zeichnung und Pr\u00fcfplan<\/li><li>Wechseln der Werkzeuge<\/li><li>Sicherstellung der Prozess\u00fcberwachung der zugeteilten Maschine<\/li><li>\u00dcberwachen und Pr\u00fcfen der Qualit\u00e4t nach Vorgabe, Zeichnung und Pr\u00fcfplan<\/li><li>Durchf\u00fchren von Reparaturarbeiten<\/li><li>Wartung der Maschinen<\/li><\/ul><h3>\u00a0<\/h3><h3>\u00a0<\/h3><h3>Ihre Profil:<\/h3><ul><li>abgeschlossene Ausbildung in einem Metallberuf<\/li><li>gute technische Auffassungsgabe, handwerkliches Geschick und hohes Qualit\u00e4tsbewusstsein<\/li><li>Erfahrung mit der Bedienung sowie dem Einrichten und Instandhalten von Produktionsanlagen<\/li><li>Bereitschaft zu Schichtarbeit<\/li><li>Idealerweise Bef\u00e4higung zum F\u00fchren von Flurf\u00f6rderfahrzeugen (Staplerschein)<\/li><\/ul><h3>\u00a0<\/h3><h3>Unser Angebot:<\/h3><ul><li>leistungsgerechte Bezahlung<\/li><li>Finanziell Zusatzleistungen<\/li><li>35 Stunden\/Woche<\/li><li>Weiterbildungs- \/ Entwicklungsm\u00f6glichkeiten<\/li><li>Fahrradleasing<\/li><\/ul><p>\u00a0<\/p><p>Wir bieten Ihnen eine interessante und verantwortungsvolle Position in einem internationalen und wachstumsorientierten Arbeitsumfeld, das sich durch flache Hierarchien, kurze Kommunikationswege und spannende Perspektiven auszeichnet.<\/p><p>Interessiert? Dann senden Sie uns Ihre aussagekr\u00e4ftige Bewerbung unter Angabe des m\u00f6glichen Eintrittstermins sowie Ihrer Gehaltsvorstellungen per E-Mail an folgende Adresse: personal@hoffmannsprings.eu<\/p><p>Wir freuen uns darauf, Sie kennenzulernen!<\/p><p>[\/et_pb_text][\/et_pb_column][et_pb_column type=\"1_3\" _builder_version=\"4.16\" custom_padding=\"|||\" global_colors_info=\"{}\" custom_padding__hover=\"|||\"][et_pb_text _builder_version=\"4.20.2\" text_font_size=\"16px\" text_line_height=\"1.8em\" header_3_line_height=\"2em\" background_size=\"initial\" background_position=\"top_left\" background_repeat=\"repeat\" custom_margin=\"5px||||false|false\" border_style=\"solid\" global_colors_info=\"{}\"]<\/p><h3>Benefits<\/h3><p><strong>Ausstattung<\/strong><br \/>Arbeitskleidung wird gestellt<\/p><p><strong>Soziales<\/strong><br \/>Betr. Altersvorsorge<br \/>Gesundheitsf\u00f6rderung<\/p><p><strong>Karriere<\/strong><br \/>Entwicklungsm\u00f6glichkeiten \/ Aufstiegschancen<br \/>Fortbildung \/ Schulung \/ Coaching<\/p><p><strong>Mobilit\u00e4t<\/strong><br \/>Fahrtkostenzuschuss<br \/>Parkplatz<br \/>Firmenfahrrad<\/p><p><strong>Team<\/strong><br \/>Flache Hierarchie<br \/>unbefristeter Arbeitsvertrag<\/p><p><strong>Finanzielles<\/strong><br \/>Verm\u00f6genswirksame Leistungen<br \/>Weihnachtsgeld<br \/>Zuschl\u00e4ge \/ Gratifikationen<br \/>Leistungspr\u00e4mien \/ Boni<br \/>Urlaubsgeld<\/p><p><strong>Verpflegung<\/strong><br \/>Getr\u00e4nke vorhanden<\/p><p>[\/et_pb_text][et_pb_divider _builder_version=\"4.20.2\" _module_preset=\"default\" custom_margin=\"||5px|||\" global_colors_info=\"{}\"][\/et_pb_divider][et_pb_text _builder_version=\"4.20.2\" text_font_size=\"16px\" text_line_height=\"1.8em\" header_3_line_height=\"2em\" background_size=\"initial\" background_position=\"top_left\" background_repeat=\"repeat\" custom_margin_tablet=\"\" custom_margin_phone=\"||30px||false|false\" custom_margin_last_edited=\"on|phone\" border_style=\"solid\" global_colors_info=\"{}\"]<\/p><p>Informationen zum Job<\/p><p><strong>Kontakt f\u00fcr Bewerber<\/strong><br \/>Florian Lendner<br \/>Hoffmann GmbH<\/p><p>E-Mail: <a href=\"mailto:personal@hoffmannsprings.eu\">personal@hoffmannsprings.eu<\/a><br \/>Ver\u00f6ffentlicht am 19.07.2023<\/p><p>[\/et_pb_text][\/et_pb_column][\/et_pb_row][et_pb_row _builder_version=\"4.16\" background_size=\"initial\" background_position=\"top_left\" background_repeat=\"repeat\" global_colors_info=\"{}\"][et_pb_column type=\"4_4\" _builder_version=\"4.16\" custom_padding=\"|||\" global_colors_info=\"{}\" custom_padding__hover=\"|||\"][et_pb_divider show_divider=\"off\" disabled_on=\"on|on|off\" _builder_version=\"4.16\" height=\"50px\" hide_on_mobile=\"on\" global_colors_info=\"{}\"][\/et_pb_divider][\/et_pb_column][\/et_pb_row][\/et_pb_section][et_pb_section fb_built=\"1\" _builder_version=\"4.20.2\" _module_preset=\"default\" background_color=\"#dedede\" global_module=\"4557\" collapsed=\"on\" global_colors_info=\"{}\"][et_pb_row column_structure=\"1_4,1_2,1_4\" use_custom_gutter=\"on\" gutter_width=\"1\" _builder_version=\"4.20.2\" _module_preset=\"default\" global_colors_info=\"{}\"][et_pb_column type=\"1_4\" _builder_version=\"4.20.2\" _module_preset=\"default\" custom_padding=\"|50px||0px|false|false\" global_colors_info=\"{}\"][et_pb_image src=\"https:\/\/www.hoffmann-federkerne.de\/wp-dt\/wp-content\/uploads\/2023\/07\/Hoffmann-logo.png\" title_text=\"Hoffmann-logo\" _builder_version=\"4.20.2\" _module_preset=\"default\" custom_padding=\"10px||||false|false\" global_colors_info=\"{}\"][\/et_pb_image][\/et_pb_column][et_pb_column type=\"1_2\" _builder_version=\"4.20.2\" _module_preset=\"default\" global_colors_info=\"{}\"][et_pb_image src=\"https:\/\/www.hoffmann-federkerne.de\/wp-dt\/wp-content\/uploads\/2023\/07\/zertifiziert_1_m.png\" title_text=\"zertifiziert_1_m\" align=\"right\" align_tablet=\"\" align_phone=\"left\" align_last_edited=\"on|desktop\" _builder_version=\"4.20.2\" _module_preset=\"default\" global_colors_info=\"{}\"][\/et_pb_image][\/et_pb_column][et_pb_column type=\"1_4\" _builder_version=\"4.20.2\" _module_preset=\"default\" global_colors_info=\"{}\"][et_pb_image src=\"https:\/\/www.hoffmann-federkerne.de\/wp-dt\/wp-content\/uploads\/2023\/07\/zertifiziert_2_m.png\" title_text=\"zertifiziert_2_m\" _builder_version=\"4.20.2\" _module_preset=\"default\" global_colors_info=\"{}\"][\/et_pb_image][\/et_pb_column][\/et_pb_row][et_pb_row column_structure=\"1_5,3_5,1_5\" use_custom_gutter=\"on\" gutter_width=\"2\" make_equal=\"on\" _builder_version=\"4.16\" background_size=\"initial\" background_position=\"top_left\" background_repeat=\"repeat\" custom_padding=\"||0||false|false\" use_custom_width=\"on\" custom_width_px=\"1300px\" global_colors_info=\"{}\"][et_pb_column type=\"1_5\" _builder_version=\"4.16\" custom_padding=\"|||\" global_colors_info=\"{}\" custom_padding__hover=\"|||\"][et_pb_text _builder_version=\"4.20.2\" _module_preset=\"default\" header_text_color=\"#E02B20\" header_3_text_color=\"#004a83\" global_module=\"4530\" saved_tabs=\"all\" global_colors_info=\"{}\"]<\/p><h3><strong>DEUTSCHLAND<\/strong><\/h3><p>Hoffmann GmbH<br \/>Industriestra\u00dfe 15<br \/>96145 Se\u00dflach<\/p><p>Tel.: +49 95 69-92 41-0<br \/>Fax: +49 95 69-92 41-25<\/p><p>www.hoffmannsprings.eu<br \/><span style=\"color: #000000;\"><a style=\"color: #000000;\" href=\"mailto:info@hoffmannsprings.eu\">info@hoffmannsprings.eu<\/a><\/span><\/p><p>[\/et_pb_text][et_pb_divider _builder_version=\"4.20.2\" _module_preset=\"default\" custom_margin=\"||0px||false|false\" custom_padding=\"||0px||false|false\" global_module=\"4545\" saved_tabs=\"all\" global_colors_info=\"{}\"][\/et_pb_divider][et_pb_text admin_label=\"B\u00fcrozeiten\" _builder_version=\"4.20.2\" custom_padding=\"||9px|||\" hover_enabled=\"0\" border_style=\"solid\" global_module=\"4532\" saved_tabs=\"all\" global_colors_info=\"{}\" sticky_enabled=\"0\"]<\/p><h4><strong>B\u00fcrozeiten<\/strong><\/h4><p><strong>Mo. - Do.: 7:00 bis 15:15 Uhr<\/strong><br \/><strong>Fr.: 7:00 bis 12:15 Uhr<\/strong><\/p><p>[\/et_pb_text][\/et_pb_column][et_pb_column type=\"3_5\" _builder_version=\"4.16\" custom_padding=\"|||\" global_colors_info=\"{}\" custom_padding__hover=\"|||\"][et_pb_image src=\"https:\/\/www.hoffmann-federkerne.de\/wp-dt\/wp-content\/uploads\/2023\/05\/karte-deutschland-polen.png\" title_text=\"karte-deutschland-polen\" align=\"center\" _builder_version=\"4.20.2\" _module_preset=\"default\" global_colors_info=\"{}\"][\/et_pb_image][\/et_pb_column][et_pb_column type=\"1_5\" _builder_version=\"4.16\" custom_padding=\"|||\" global_colors_info=\"{}\" custom_padding__hover=\"|||\"][et_pb_text _builder_version=\"4.20.2\" _module_preset=\"default\" header_text_color=\"#E02B20\" header_3_text_color=\"#004a83\" global_module=\"4533\" saved_tabs=\"all\" global_colors_info=\"{}\"]<\/p><h3><strong>POLEN<\/strong><\/h3><p>Hoffmann Sp. z o. o.<br \/>ul. Leszczy\u0144ska 24A<br \/>64-030 \u015amigiel<\/p><p>Tel.: \u00a0+48 65 511-78-50<br \/>Fax: \u00a0+48 65 518-07-93<\/p><p>www.hoffmannsprings.eu<br \/><span style=\"color: #000000;\"><a style=\"color: #000000;\" href=\"mailto:info@hoffmannsprings.pl\">info@hoffmannsprings.pl<\/a><\/span><\/p><p>[\/et_pb_text][et_pb_divider _builder_version=\"4.20.2\" _module_preset=\"default\" custom_margin=\"||0px||false|false\" custom_padding=\"||0px||false|false\" global_colors_info=\"{}\"][\/et_pb_divider][et_pb_text admin_label=\"B\u00fcrozeiten\" _builder_version=\"4.20.2\" custom_padding=\"||9px|||\" hover_enabled=\"0\" border_style=\"solid\" global_module=\"4534\" saved_tabs=\"all\" global_colors_info=\"{}\" sticky_enabled=\"0\"]<\/p><h4><strong>B\u00fcrozeiten<\/strong><\/h4><p><strong>Mo. - Fr.: 8:00 bis 16:00 Uhr<\/strong><\/p><p>[\/et_pb_text][\/et_pb_column][\/et_pb_row][\/et_pb_section][et_pb_section fb_built=\"1\" _builder_version=\"4.20.2\" _module_preset=\"default\" global_colors_info=\"{}\"][\/et_pb_section][et_pb_section fb_built=\"1\" _builder_version=\"4.20.2\" _module_preset=\"default\" global_colors_info=\"{}\"][\/et_pb_section]<\/p>","_et_gb_content_width":"","footnotes":""},"class_list":["post-5430","page","type-page","status-publish","hentry"],"wps_subtitle":"","_links":{"self":[{"href":"https:\/\/www.hoffmann-federkerne.de\/en\/wp-json\/wp\/v2\/pages\/5430","targetHints":{"allow":["GET"]}}],"collection":[{"href":"https:\/\/www.hoffmann-federkerne.de\/en\/wp-json\/wp\/v2\/pages"}],"about":[{"href":"https:\/\/www.hoffmann-federkerne.de\/en\/wp-json\/wp\/v2\/types\/page"}],"author":[{"embeddable":true,"href":"https:\/\/www.hoffmann-federkerne.de\/en\/wp-json\/wp\/v2\/users\/5"}],"replies":[{"embeddable":true,"href":"https:\/\/www.hoffmann-federkerne.de\/en\/wp-json\/wp\/v2\/comments?post=5430"}],"version-history":[{"count":15,"href":"https:\/\/www.hoffmann-federkerne.de\/en\/wp-json\/wp\/v2\/pages\/5430\/revisions"}],"predecessor-version":[{"id":5871,"href":"https:\/\/www.hoffmann-federkerne.de\/en\/wp-json\/wp\/v2\/pages\/5430\/revisions\/5871"}],"wp:attachment":[{"href":"https:\/\/www.hoffmann-federkerne.de\/en\/wp-json\/wp\/v2\/media?parent=5430"}],"curies":[{"name":"wp","href":"https:\/\/api.w.org\/{rel}","templated":true}]}}