{"id":5426,"date":"2023-08-10T09:12:16","date_gmt":"2023-08-10T07:12:16","guid":{"rendered":"https:\/\/www.hoffmann-federkerne.de\/wp-dt\/?page_id=5426"},"modified":"2023-08-31T15:21:26","modified_gmt":"2023-08-31T13:21:26","slug":"produktneuheit-sitoho_news","status":"publish","type":"page","link":"https:\/\/www.hoffmann-federkerne.de\/en\/produktneuheit-sitoho_news\/","title":{"rendered":"produktneuheit-sitoho_news"},"content":{"rendered":"<p>[et_pb_section fb_built=&#8221;1&#8243; fullwidth=&#8221;on&#8221; _builder_version=&#8221;4.16&#8243; locked=&#8221;off&#8221; global_colors_info=&#8221;{}&#8221;][et_pb_fullwidth_slider _builder_version=&#8221;4.20.2&#8243; _module_preset=&#8221;default&#8221; global_colors_info=&#8221;{}&#8221;][et_pb_slide _builder_version=&#8221;4.20.2&#8243; _module_preset=&#8221;default&#8221; background_enable_color=&#8221;off&#8221; background_image=&#8221;https:\/\/www.hoffmann-federkerne.de\/wp-dt\/wp-content\/uploads\/2023\/08\/DSC7885.jpg&#8221; background_enable_image=&#8221;on&#8221; global_colors_info=&#8221;{}&#8221; sticky_transition=&#8221;on&#8221;][\/et_pb_slide][\/et_pb_fullwidth_slider][\/et_pb_section][et_pb_section fb_built=&#8221;1&#8243; _builder_version=&#8221;4.16&#8243; locked=&#8221;off&#8221; global_colors_info=&#8221;{}&#8221;][et_pb_row _builder_version=&#8221;4.16&#8243; background_size=&#8221;initial&#8221; background_position=&#8221;top_left&#8221; background_repeat=&#8221;repeat&#8221; global_colors_info=&#8221;{}&#8221;][et_pb_column type=&#8221;4_4&#8243; _builder_version=&#8221;4.16&#8243; custom_padding=&#8221;|||&#8221; global_colors_info=&#8221;{}&#8221; custom_padding__hover=&#8221;|||&#8221;][et_pb_text _builder_version=&#8221;4.20.2&#8243; background_size=&#8221;initial&#8221; background_position=&#8221;top_left&#8221; background_repeat=&#8221;repeat&#8221; custom_margin=&#8221;20px||||false|false&#8221; locked=&#8221;off&#8221; global_colors_info=&#8221;{}&#8221;]<\/p>\n<p>sitOHO \u2013 the high-quality seat cushion for on the go! The ideal seat \u2013 suitable for every seat \u2013 suitable for every occasion. The purest sofa-to-go! A combination of lifestyle and well-being: active, comfortable and elegant. For more quality in everyday life. For flexibility and energy. The pillow-to-go convinces with a high-quality inner spring core and good air circulation. Robust all round and protected by a high-quality imitation leather cover. sitOHO \u2013 the portable seat cushion of choice. Once an owner, always an owner.<\/p>\n<p><a href=\"https:\/\/www.amazon.de\/OHO-FK-Sitzkissen\/dp\/B07YMQF34T\/ref=sr_1_1?__mk_de_DE=\u00c5M\u00c5\u017d\u00d5\u00d1&amp;dchild=1&amp;keywords=FK+sitzkissen&amp;qid=1594024970&amp;sr=8-1\" target=\"_blank\" rel=\"noopener noreferrer\"><strong>Link to our Amazon store &gt;<\/strong><\/a><\/p>\n<p><strong><a href=\"mailto:verkauf@hoffmannsprings.eu\">Orders can also be placed by email: verkauf@hoffmannsprings.eu\u00a0<\/a><\/strong><\/p>\n<p>[\/et_pb_text][\/et_pb_column][\/et_pb_row][et_pb_row column_structure=&#8221;1_4,1_4,1_4,1_4&#8243; _builder_version=&#8221;4.20.2&#8243; _module_preset=&#8221;default&#8221; global_colors_info=&#8221;{}&#8221;][et_pb_column type=&#8221;1_4&#8243; _builder_version=&#8221;4.20.2&#8243; _module_preset=&#8221;default&#8221; global_colors_info=&#8221;{}&#8221;][et_pb_image src=&#8221;https:\/\/www.hoffmann-federkerne.de\/wp-dt\/wp-content\/uploads\/2020\/07\/sitOHO_001a-1.jpg&#8221; title_text=&#8221;sitOHO_001a&#8221; show_in_lightbox=&#8221;on&#8221; _builder_version=&#8221;4.20.2&#8243; _module_preset=&#8221;default&#8221; global_colors_info=&#8221;{}&#8221;][\/et_pb_image][\/et_pb_column][et_pb_column type=&#8221;1_4&#8243; _builder_version=&#8221;4.20.2&#8243; _module_preset=&#8221;default&#8221; global_colors_info=&#8221;{}&#8221;][et_pb_image src=&#8221;https:\/\/www.hoffmann-federkerne.de\/wp-dt\/wp-content\/uploads\/2020\/07\/sitOHO_015.jpg&#8221; title_text=&#8221;sitOHO_015&#8243; _builder_version=&#8221;4.20.2&#8243; _module_preset=&#8221;default&#8221; global_colors_info=&#8221;{}&#8221;][\/et_pb_image][\/et_pb_column][et_pb_column type=&#8221;1_4&#8243; _builder_version=&#8221;4.20.2&#8243; _module_preset=&#8221;default&#8221; global_colors_info=&#8221;{}&#8221;][et_pb_text _builder_version=&#8221;4.20.2&#8243; _module_preset=&#8221;default&#8221; global_colors_info=&#8221;{}&#8221;]<\/p>\n<ul><\/ul>\n<h2>sitOHO cushion<\/h2>\n<ul><\/ul>\n<ul>\n<li>Micro spring core height: 40mm<\/li>\n<li>Spring diameter: 1.8\/60\/5\/45<\/li>\n<li>Material: Spunbonded polypropylene grammage 60 g\/m2\u00a0<\/li>\n<\/ul>\n<p>[\/et_pb_text][\/et_pb_column][et_pb_column type=&#8221;1_4&#8243; _builder_version=&#8221;4.20.2&#8243; _module_preset=&#8221;default&#8221; global_colors_info=&#8221;{}&#8221;][et_pb_text _builder_version=&#8221;4.20.2&#8243; _module_preset=&#8221;default&#8221; global_colors_info=&#8221;{}&#8221;]<\/p>\n<ul><\/ul>\n<p><strong>Seat cushion cover material<\/strong><\/p>\n<ul>\n<li>3D spacer fabric with a 3-sided all-round zip<\/li>\n<li>Color: anthracite<\/li>\n<\/ul>\n<p>&nbsp;<\/p>\n<p>&nbsp;<\/p>\n<p>&nbsp;<\/p>\n<p>[\/et_pb_text][\/et_pb_column][\/et_pb_row][et_pb_row _builder_version=&#8221;4.16&#8243; global_colors_info=&#8221;{}&#8221;][et_pb_column type=&#8221;4_4&#8243; _builder_version=&#8221;4.16&#8243; custom_padding=&#8221;|||&#8221; global_colors_info=&#8221;{}&#8221; custom_padding__hover=&#8221;|||&#8221;][et_pb_text _builder_version=&#8221;4.20.2&#8243; _module_preset=&#8221;default&#8221; global_colors_info=&#8221;{}&#8221;]<\/p>\n<p>Hoffmann GmbH assumes no liability for damage resulting from improper use.<br \/>Information on terms and conditions, data protection guidelines and the right of withdrawal can be found in our seller profile on Amazon.<\/p>\n<p>[\/et_pb_text][\/et_pb_column][\/et_pb_row][\/et_pb_section][et_pb_section fb_built=&#8221;1&#8243; _builder_version=&#8221;4.16&#8243; locked=&#8221;off&#8221; global_colors_info=&#8221;{}&#8221;][et_pb_row _builder_version=&#8221;4.16&#8243; global_colors_info=&#8221;{}&#8221;][et_pb_column type=&#8221;4_4&#8243; _builder_version=&#8221;4.16&#8243; custom_padding=&#8221;|||&#8221; global_colors_info=&#8221;{}&#8221; custom_padding__hover=&#8221;|||&#8221;][\/et_pb_column][\/et_pb_row][\/et_pb_section][et_pb_section fb_built=&#8221;1&#8243; _builder_version=&#8221;4.20.2&#8243; _module_preset=&#8221;default&#8221; background_color=&#8221;#dedede&#8221; saved_tabs=&#8221;all&#8221; global_colors_info=&#8221;{}&#8221; global_module=&#8221;5589&#8243; theme_builder_area=&#8221;post_content&#8221;][et_pb_row column_structure=&#8221;1_4,1_2,1_4&#8243; use_custom_gutter=&#8221;on&#8221; gutter_width=&#8221;1&#8243; _builder_version=&#8221;4.20.2&#8243; _module_preset=&#8221;default&#8221; global_colors_info=&#8221;{}&#8221; theme_builder_area=&#8221;post_content&#8221;][et_pb_column type=&#8221;1_4&#8243; _builder_version=&#8221;4.20.2&#8243; _module_preset=&#8221;default&#8221; custom_padding=&#8221;|50px||0px|false|false&#8221; global_colors_info=&#8221;{}&#8221; theme_builder_area=&#8221;post_content&#8221;][et_pb_image src=&#8221;https:\/\/www.hoffmann-federkerne.de\/wp-dt\/wp-content\/uploads\/2023\/07\/Hoffmann-logo.png&#8221; title_text=&#8221;Hoffmann-logo&#8221; _builder_version=&#8221;4.20.2&#8243; _module_preset=&#8221;default&#8221; custom_padding=&#8221;10px||||false|false&#8221; global_colors_info=&#8221;{}&#8221; theme_builder_area=&#8221;post_content&#8221;][\/et_pb_image][\/et_pb_column][et_pb_column type=&#8221;1_2&#8243; _builder_version=&#8221;4.20.2&#8243; _module_preset=&#8221;default&#8221; global_colors_info=&#8221;{}&#8221; theme_builder_area=&#8221;post_content&#8221;][et_pb_image src=&#8221;https:\/\/www.hoffmann-federkerne.de\/wp-dt\/wp-content\/uploads\/2023\/07\/zertifiziert_1_m.png&#8221; title_text=&#8221;zertifiziert_1_m&#8221; align=&#8221;right&#8221; align_tablet=&#8221;&#8221; align_phone=&#8221;left&#8221; align_last_edited=&#8221;on|desktop&#8221; _builder_version=&#8221;4.20.2&#8243; _module_preset=&#8221;default&#8221; global_colors_info=&#8221;{}&#8221; theme_builder_area=&#8221;post_content&#8221;][\/et_pb_image][\/et_pb_column][et_pb_column type=&#8221;1_4&#8243; _builder_version=&#8221;4.20.2&#8243; _module_preset=&#8221;default&#8221; global_colors_info=&#8221;{}&#8221; theme_builder_area=&#8221;post_content&#8221;][et_pb_image src=&#8221;https:\/\/www.hoffmann-federkerne.de\/wp-dt\/wp-content\/uploads\/2023\/07\/zertifiziert_2_m.png&#8221; title_text=&#8221;zertifiziert_2_m&#8221; _builder_version=&#8221;4.20.2&#8243; _module_preset=&#8221;default&#8221; global_colors_info=&#8221;{}&#8221; theme_builder_area=&#8221;post_content&#8221;][\/et_pb_image][\/et_pb_column][\/et_pb_row][et_pb_row column_structure=&#8221;1_5,3_5,1_5&#8243; use_custom_gutter=&#8221;on&#8221; gutter_width=&#8221;2&#8243; make_equal=&#8221;on&#8221; _builder_version=&#8221;4.16&#8243; background_size=&#8221;initial&#8221; background_position=&#8221;top_left&#8221; background_repeat=&#8221;repeat&#8221; custom_padding=&#8221;||0||false|false&#8221; use_custom_width=&#8221;on&#8221; custom_width_px=&#8221;1300px&#8221; global_colors_info=&#8221;{}&#8221; theme_builder_area=&#8221;post_content&#8221;][et_pb_column type=&#8221;1_5&#8243; _builder_version=&#8221;4.16&#8243; custom_padding=&#8221;|||&#8221; global_colors_info=&#8221;{}&#8221; custom_padding__hover=&#8221;|||&#8221; theme_builder_area=&#8221;post_content&#8221;][et_pb_text _builder_version=&#8221;4.20.2&#8243; _module_preset=&#8221;default&#8221; header_text_color=&#8221;#E02B20&#8243; header_3_text_color=&#8221;#004a83&#8243; global_colors_info=&#8221;{}&#8221; theme_builder_area=&#8221;post_content&#8221;]<\/p>\n<h3><strong>GERMANY<\/strong><\/h3>\n<p>Hoffmann GmbH<br \/>Industriestra\u00dfe 15<br \/>96145 Se\u00dflach<\/p>\n<p>phone: +49 95 69-92 41-0<br \/>fax: +49 95 69-92 41-25<\/p>\n<p>www.hoffmannsprings.eu<br \/><span style=\"color: #000000;\"><a style=\"color: #000000;\" href=\"mailto:info@hoffmannsprings.eu\">info@hoffmannsprings.eu<\/a><\/span><\/p>\n<p>[\/et_pb_text][et_pb_divider _builder_version=&#8221;4.20.2&#8243; _module_preset=&#8221;default&#8221; custom_margin=&#8221;||0px||false|false&#8221; custom_padding=&#8221;||0px||false|false&#8221; global_colors_info=&#8221;{}&#8221; theme_builder_area=&#8221;post_content&#8221;][\/et_pb_divider][et_pb_text admin_label=&#8221;B\u00fcrozeiten&#8221; _builder_version=&#8221;4.20.2&#8243; header_4_font_size=&#8221;14px&#8221; custom_padding=&#8221;||9px|||&#8221; border_style=&#8221;solid&#8221; locked=&#8221;off&#8221; global_colors_info=&#8221;{}&#8221; theme_builder_area=&#8221;post_content&#8221;]<\/p>\n<h4><strong>Office hours Germany<br \/><\/strong><\/h4>\n<p><strong>Mo. &#8211; Th.: 7:00 a.m. to 15:15 p.m.<\/strong><br \/><strong>Fr.: 7:00 a.m. to 12:15 p.m.<\/strong><\/p>\n<p>[\/et_pb_text][\/et_pb_column][et_pb_column type=&#8221;3_5&#8243; _builder_version=&#8221;4.16&#8243; custom_padding=&#8221;|||&#8221; global_colors_info=&#8221;{}&#8221; custom_padding__hover=&#8221;|||&#8221; theme_builder_area=&#8221;post_content&#8221;][et_pb_image src=&#8221;https:\/\/www.hoffmann-federkerne.de\/wp-dt\/wp-content\/uploads\/2023\/05\/karte-deutschland-polen.png&#8221; title_text=&#8221;karte-deutschland-polen&#8221; align=&#8221;center&#8221; _builder_version=&#8221;4.20.2&#8243; _module_preset=&#8221;default&#8221; global_colors_info=&#8221;{}&#8221; theme_builder_area=&#8221;post_content&#8221;][\/et_pb_image][\/et_pb_column][et_pb_column type=&#8221;1_5&#8243; _builder_version=&#8221;4.16&#8243; custom_padding=&#8221;|||&#8221; global_colors_info=&#8221;{}&#8221; custom_padding__hover=&#8221;|||&#8221; theme_builder_area=&#8221;post_content&#8221;][et_pb_text _builder_version=&#8221;4.20.2&#8243; _module_preset=&#8221;default&#8221; header_text_color=&#8221;#E02B20&#8243; header_3_text_color=&#8221;#004a83&#8243; global_colors_info=&#8221;{}&#8221; theme_builder_area=&#8221;post_content&#8221;]<\/p>\n<h3><strong>POLAND<\/strong><\/h3>\n<p>Hoffmann Sp. z o. o.<br \/>ul. Leszczy\u0144ska 24A<br \/>64-030 \u015amigiel<\/p>\n<p>phone: \u00a0+48 65 511-78-50<br \/>fax: \u00a0+48 65 518-07-93<\/p>\n<p>www.hoffmannsprings.eu<br \/><span style=\"color: #000000;\"><a style=\"color: #000000;\" href=\"mailto:info@hoffmannsprings.pl\">info@hoffmannsprings.pl<\/a><\/span><\/p>\n<p>[\/et_pb_text][et_pb_divider _builder_version=&#8221;4.20.2&#8243; _module_preset=&#8221;default&#8221; custom_margin=&#8221;||0px||false|false&#8221; custom_padding=&#8221;||0px||false|false&#8221; global_colors_info=&#8221;{}&#8221; theme_builder_area=&#8221;post_content&#8221;][\/et_pb_divider][et_pb_text admin_label=&#8221;B\u00fcrozeiten&#8221; _builder_version=&#8221;4.20.2&#8243; header_4_font_size=&#8221;14px&#8221; custom_padding=&#8221;||9px|||&#8221; border_style=&#8221;solid&#8221; locked=&#8221;off&#8221; global_colors_info=&#8221;{}&#8221; theme_builder_area=&#8221;post_content&#8221;]<\/p>\n<h4><strong>Office hours Poland<br \/><\/strong><\/h4>\n<p><strong>Mo. &#8211; <\/strong><strong>Fr.: 8:00 a.m. to 16:00 p.m.<\/strong><\/p>\n<p>[\/et_pb_text][\/et_pb_column][\/et_pb_row][\/et_pb_section]<\/p>\n","protected":false},"excerpt":{"rendered":"<p>sitOHO \u2013 the high-quality seat cushion for on the go! The ideal seat \u2013 suitable for every seat \u2013 suitable for every occasion. The purest sofa-to-go! A combination of lifestyle and well-being: active, comfortable and elegant. For more quality in everyday life. For flexibility and energy. The pillow-to-go convinces with a high-quality inner spring core [&hellip;]<\/p>\n","protected":false},"author":5,"featured_media":0,"parent":0,"menu_order":0,"comment_status":"closed","ping_status":"closed","template":"","meta":{"_et_pb_use_builder":"on","_et_pb_old_content":"","_et_gb_content_width":"","footnotes":""},"class_list":["post-5426","page","type-page","status-publish","hentry"],"wps_subtitle":"","_links":{"self":[{"href":"https:\/\/www.hoffmann-federkerne.de\/en\/wp-json\/wp\/v2\/pages\/5426","targetHints":{"allow":["GET"]}}],"collection":[{"href":"https:\/\/www.hoffmann-federkerne.de\/en\/wp-json\/wp\/v2\/pages"}],"about":[{"href":"https:\/\/www.hoffmann-federkerne.de\/en\/wp-json\/wp\/v2\/types\/page"}],"author":[{"embeddable":true,"href":"https:\/\/www.hoffmann-federkerne.de\/en\/wp-json\/wp\/v2\/users\/5"}],"replies":[{"embeddable":true,"href":"https:\/\/www.hoffmann-federkerne.de\/en\/wp-json\/wp\/v2\/comments?post=5426"}],"version-history":[{"count":12,"href":"https:\/\/www.hoffmann-federkerne.de\/en\/wp-json\/wp\/v2\/pages\/5426\/revisions"}],"predecessor-version":[{"id":5916,"href":"https:\/\/www.hoffmann-federkerne.de\/en\/wp-json\/wp\/v2\/pages\/5426\/revisions\/5916"}],"wp:attachment":[{"href":"https:\/\/www.hoffmann-federkerne.de\/en\/wp-json\/wp\/v2\/media?parent=5426"}],"curies":[{"name":"wp","href":"https:\/\/api.w.org\/{rel}","templated":true}]}}