{"id":5394,"date":"2023-08-10T10:18:05","date_gmt":"2023-08-10T08:18:05","guid":{"rendered":"https:\/\/www.hoffmann-federkerne.de\/wp-dt\/?page_id=5394"},"modified":"2023-08-31T15:17:43","modified_gmt":"2023-08-31T13:17:43","slug":"impressum","status":"publish","type":"page","link":"https:\/\/www.hoffmann-federkerne.de\/en\/impressum\/","title":{"rendered":"Legal Notice"},"content":{"rendered":"<p>[et_pb_section fb_built=&#8221;1&#8243; _builder_version=&#8221;4.16&#8243; global_colors_info=&#8221;{}&#8221;][et_pb_row _builder_version=&#8221;4.16&#8243; background_size=&#8221;initial&#8221; background_position=&#8221;top_left&#8221; background_repeat=&#8221;repeat&#8221; global_colors_info=&#8221;{}&#8221;][et_pb_column type=&#8221;4_4&#8243; _builder_version=&#8221;4.16&#8243; custom_padding=&#8221;|||&#8221; global_colors_info=&#8221;{}&#8221; custom_padding__hover=&#8221;|||&#8221;][et_pb_text _builder_version=&#8221;4.16&#8243; background_size=&#8221;initial&#8221; background_position=&#8221;top_left&#8221; background_repeat=&#8221;repeat&#8221; global_colors_info=&#8221;{}&#8221;][\/et_pb_text][\/et_pb_column][\/et_pb_row][et_pb_row _builder_version=&#8221;4.16&#8243; background_size=&#8221;initial&#8221; background_position=&#8221;top_left&#8221; background_repeat=&#8221;repeat&#8221; global_colors_info=&#8221;{}&#8221;][et_pb_column type=&#8221;4_4&#8243; _builder_version=&#8221;4.16&#8243; custom_padding=&#8221;|||&#8221; global_colors_info=&#8221;{}&#8221; custom_padding__hover=&#8221;|||&#8221;][et_pb_text _builder_version=&#8221;4.20.2&#8243; background_size=&#8221;initial&#8221; background_position=&#8221;top_left&#8221; background_repeat=&#8221;repeat&#8221; border_style=&#8221;solid&#8221; global_colors_info=&#8221;{}&#8221;]<\/p>\n<h3><strong>Hoffmann GmbH<\/strong><\/h3>\n<p>Industriestra\u00dfe 15<br \/>96145 Se\u00dflach<br \/>Tel.: +49 (0) 95 69 \/ 92 41 \u2013 0<br \/>Fax: +49 (0) 95 69 \/ 92 41 \u2013 25<\/p>\n<p>info@hoffmannsprings.eu<\/p>\n<p>CEO: Gerhard Hoffmann\u00a0Dipl.-Ing (FH)<\/p>\n<p>Registered office of the company:<\/p>\n<p>Industriestra\u00dfe 15<br \/>96145 Se\u00dflach,\u00a0Germany<br \/>Court of registry: Coburg, HRB1614<br \/>Ust.-IDNr. DE254390034<\/p>\n<p>&nbsp;<\/p>\n<h3><strong>Copyright:<\/strong><\/h3>\n<p>\u00a9 Hoffmann GmbH Copyright 2023<\/p>\n<p>This website was compiled with the utmost care.However, we can not guarantee the correctness or accuracy of the information contained herein. If we have infringed the copyright of third parties or if you have any questions, please notify us immediately.<\/p>\n<p>The content of this website is protected by copyright.<\/p>\n<p>However, we grant you the right to save or copy the material provided on the internet for private use.<\/p>\n<p>Commercial use for the purpose of republication or free distribution is permitted only after prior consultation with Hoffmann GmbH.<\/p>\n<p>The information contained in this notice is subject to updating.<\/p>\n<p><strong><\/strong><\/p>\n<p><strong><\/strong><\/p>\n<h3><strong>Liability:<\/strong><\/h3>\n<p>We, Hoffmann GmbH, strive to publish only complete and accurate information on this website. However, we cannot accept liability for or guarantee the up-to-datedness, correctness and completeness of the information.Changes and additions are constantly being made to the website for the purpose of updating and completing the information and functions provided here.<\/p>\n<p>The publisher of the website, Hoffmann GmbH, is not liable for any direct or indirect damages, including lost profits, which may be associated with the use of the information and functions offered on this site.This also applies to links to other websites, over which Hoffmann GmbH has no influence and is therefore not responsible for the information contained therein.<\/p>\n<p>&nbsp;<\/p>\n<p><strong>Design and realisation:<\/strong><\/p>\n<p><a href=\"https:\/\/www.creative-background.de\" target=\"_blank\" rel=\"noopener\">creative background \u2013<br \/>die Werbeagentur<br \/>in Coburg<\/a><\/p>\n<p>&nbsp;<\/p>\n<p>&nbsp;<\/p>\n<p>&nbsp;<\/p>\n<p>&nbsp;<\/p>\n<p>[\/et_pb_text][\/et_pb_column][\/et_pb_row][\/et_pb_section][et_pb_section fb_built=&#8221;1&#8243; _builder_version=&#8221;4.20.2&#8243; _module_preset=&#8221;default&#8221; background_color=&#8221;#dedede&#8221; global_module=&#8221;5589&#8243; saved_tabs=&#8221;all&#8221; global_colors_info=&#8221;{}&#8221;][et_pb_row column_structure=&#8221;1_4,1_2,1_4&#8243; use_custom_gutter=&#8221;on&#8221; gutter_width=&#8221;1&#8243; _builder_version=&#8221;4.20.2&#8243; _module_preset=&#8221;default&#8221; global_colors_info=&#8221;{}&#8221;][et_pb_column type=&#8221;1_4&#8243; _builder_version=&#8221;4.20.2&#8243; _module_preset=&#8221;default&#8221; custom_padding=&#8221;|50px||0px|false|false&#8221; global_colors_info=&#8221;{}&#8221;][et_pb_image src=&#8221;https:\/\/www.hoffmann-federkerne.de\/wp-dt\/wp-content\/uploads\/2023\/07\/Hoffmann-logo.png&#8221; title_text=&#8221;Hoffmann-logo&#8221; _builder_version=&#8221;4.20.2&#8243; _module_preset=&#8221;default&#8221; custom_padding=&#8221;10px||||false|false&#8221; global_colors_info=&#8221;{}&#8221;][\/et_pb_image][\/et_pb_column][et_pb_column type=&#8221;1_2&#8243; _builder_version=&#8221;4.20.2&#8243; _module_preset=&#8221;default&#8221; global_colors_info=&#8221;{}&#8221;][et_pb_image src=&#8221;https:\/\/www.hoffmann-federkerne.de\/wp-dt\/wp-content\/uploads\/2023\/07\/zertifiziert_1_m.png&#8221; title_text=&#8221;zertifiziert_1_m&#8221; align=&#8221;right&#8221; align_tablet=&#8221;&#8221; align_phone=&#8221;left&#8221; align_last_edited=&#8221;on|desktop&#8221; _builder_version=&#8221;4.20.2&#8243; _module_preset=&#8221;default&#8221; global_colors_info=&#8221;{}&#8221;][\/et_pb_image][\/et_pb_column][et_pb_column type=&#8221;1_4&#8243; _builder_version=&#8221;4.20.2&#8243; _module_preset=&#8221;default&#8221; global_colors_info=&#8221;{}&#8221;][et_pb_image src=&#8221;https:\/\/www.hoffmann-federkerne.de\/wp-dt\/wp-content\/uploads\/2023\/07\/zertifiziert_2_m.png&#8221; title_text=&#8221;zertifiziert_2_m&#8221; _builder_version=&#8221;4.20.2&#8243; _module_preset=&#8221;default&#8221; global_colors_info=&#8221;{}&#8221;][\/et_pb_image][\/et_pb_column][\/et_pb_row][et_pb_row column_structure=&#8221;1_5,3_5,1_5&#8243; use_custom_gutter=&#8221;on&#8221; gutter_width=&#8221;2&#8243; make_equal=&#8221;on&#8221; _builder_version=&#8221;4.16&#8243; background_size=&#8221;initial&#8221; background_position=&#8221;top_left&#8221; background_repeat=&#8221;repeat&#8221; custom_padding=&#8221;||0||false|false&#8221; use_custom_width=&#8221;on&#8221; custom_width_px=&#8221;1300px&#8221; global_colors_info=&#8221;{}&#8221;][et_pb_column type=&#8221;1_5&#8243; _builder_version=&#8221;4.16&#8243; custom_padding=&#8221;|||&#8221; global_colors_info=&#8221;{}&#8221; custom_padding__hover=&#8221;|||&#8221;][et_pb_text _builder_version=&#8221;4.20.2&#8243; _module_preset=&#8221;default&#8221; header_text_color=&#8221;#E02B20&#8243; header_3_text_color=&#8221;#004a83&#8243; global_colors_info=&#8221;{}&#8221;]<\/p>\n<h3><strong>GERMANY<\/strong><\/h3>\n<p>Hoffmann GmbH<br \/>Industriestra\u00dfe 15<br \/>96145 Se\u00dflach<\/p>\n<p>phone: +49 95 69-92 41-0<br \/>fax: +49 95 69-92 41-25<\/p>\n<p>www.hoffmannsprings.eu<br \/><span style=\"color: #000000;\"><a style=\"color: #000000;\" href=\"mailto:info@hoffmannsprings.eu\">info@hoffmannsprings.eu<\/a><\/span><\/p>\n<p>[\/et_pb_text][et_pb_divider _builder_version=&#8221;4.20.2&#8243; _module_preset=&#8221;default&#8221; custom_margin=&#8221;||0px||false|false&#8221; custom_padding=&#8221;||0px||false|false&#8221; global_colors_info=&#8221;{}&#8221;][\/et_pb_divider][et_pb_text admin_label=&#8221;B\u00fcrozeiten&#8221; _builder_version=&#8221;4.20.2&#8243; header_4_font_size=&#8221;14px&#8221; custom_padding=&#8221;||9px|||&#8221; border_style=&#8221;solid&#8221; global_colors_info=&#8221;{}&#8221; locked=&#8221;off&#8221;]<\/p>\n<h4><strong>Office hours Germany<br \/><\/strong><\/h4>\n<p><strong>Mo. &#8211; Th.: 7:00 a.m. to 15:15 p.m.<\/strong><br \/><strong>Fr.: 7:00 a.m. to 12:15 p.m.<\/strong><\/p>\n<p>[\/et_pb_text][\/et_pb_column][et_pb_column type=&#8221;3_5&#8243; _builder_version=&#8221;4.16&#8243; custom_padding=&#8221;|||&#8221; global_colors_info=&#8221;{}&#8221; custom_padding__hover=&#8221;|||&#8221;][et_pb_image src=&#8221;https:\/\/www.hoffmann-federkerne.de\/wp-dt\/wp-content\/uploads\/2023\/05\/karte-deutschland-polen.png&#8221; title_text=&#8221;karte-deutschland-polen&#8221; align=&#8221;center&#8221; _builder_version=&#8221;4.20.2&#8243; _module_preset=&#8221;default&#8221; global_colors_info=&#8221;{}&#8221;][\/et_pb_image][\/et_pb_column][et_pb_column type=&#8221;1_5&#8243; _builder_version=&#8221;4.16&#8243; custom_padding=&#8221;|||&#8221; global_colors_info=&#8221;{}&#8221; custom_padding__hover=&#8221;|||&#8221;][et_pb_text _builder_version=&#8221;4.20.2&#8243; _module_preset=&#8221;default&#8221; header_text_color=&#8221;#E02B20&#8243; header_3_text_color=&#8221;#004a83&#8243; global_colors_info=&#8221;{}&#8221;]<\/p>\n<h3><strong>POLAND<\/strong><\/h3>\n<p>Hoffmann Sp. z o. o.<br \/>ul. Leszczy\u0144ska 24A<br \/>64-030 \u015amigiel<\/p>\n<p>phone: \u00a0+48 65 511-78-50<br \/>fax: \u00a0+48 65 518-07-93<\/p>\n<p>www.hoffmannsprings.eu<br \/><span style=\"color: #000000;\"><a style=\"color: #000000;\" href=\"mailto:info@hoffmannsprings.pl\">info@hoffmannsprings.pl<\/a><\/span><\/p>\n<p>[\/et_pb_text][et_pb_divider _builder_version=&#8221;4.20.2&#8243; _module_preset=&#8221;default&#8221; custom_margin=&#8221;||0px||false|false&#8221; custom_padding=&#8221;||0px||false|false&#8221; global_colors_info=&#8221;{}&#8221;][\/et_pb_divider][et_pb_text admin_label=&#8221;B\u00fcrozeiten&#8221; _builder_version=&#8221;4.20.2&#8243; header_4_font_size=&#8221;14px&#8221; custom_padding=&#8221;||9px|||&#8221; border_style=&#8221;solid&#8221; global_colors_info=&#8221;{}&#8221; locked=&#8221;off&#8221;]<\/p>\n<h4><strong>Office hours Poland<br \/><\/strong><\/h4>\n<p><strong>Mo. &#8211; <\/strong><strong>Fr.: 8:00 a.m. to 16:00 p.m.<\/strong><\/p>\n<p>[\/et_pb_text][\/et_pb_column][\/et_pb_row][\/et_pb_section]<\/p>\n","protected":false},"excerpt":{"rendered":"<p>Hoffmann GmbH Industriestra\u00dfe 1596145 Se\u00dflachTel.: +49 (0) 95 69 \/ 92 41 \u2013 0Fax: +49 (0) 95 69 \/ 92 41 \u2013 25 info@hoffmannsprings.eu CEO: Gerhard Hoffmann\u00a0Dipl.-Ing (FH) Registered office of the company: Industriestra\u00dfe 1596145 Se\u00dflach,\u00a0GermanyCourt of registry: Coburg, HRB1614Ust.-IDNr. DE254390034 &nbsp; Copyright: \u00a9 Hoffmann GmbH Copyright 2023 This website was compiled with the utmost [&hellip;]<\/p>\n","protected":false},"author":5,"featured_media":0,"parent":0,"menu_order":0,"comment_status":"open","ping_status":"open","template":"","meta":{"_et_pb_use_builder":"on","_et_pb_old_content":"<p>[et_pb_section fb_built=\"1\" _builder_version=\"4.16\" global_colors_info=\"{}\"][et_pb_row _builder_version=\"4.16\" background_size=\"initial\" background_position=\"top_left\" background_repeat=\"repeat\" global_colors_info=\"{}\"][et_pb_column type=\"4_4\" _builder_version=\"4.16\" custom_padding=\"|||\" global_colors_info=\"{}\" custom_padding__hover=\"|||\"][et_pb_text _builder_version=\"4.16\" background_size=\"initial\" background_position=\"top_left\" background_repeat=\"repeat\" global_colors_info=\"{}\"][\/et_pb_text][\/et_pb_column][\/et_pb_row][et_pb_row _builder_version=\"4.16\" background_size=\"initial\" background_position=\"top_left\" background_repeat=\"repeat\" global_colors_info=\"{}\"][et_pb_column type=\"4_4\" _builder_version=\"4.16\" custom_padding=\"|||\" global_colors_info=\"{}\" custom_padding__hover=\"|||\"][et_pb_text _builder_version=\"4.20.2\" background_size=\"initial\" background_position=\"top_left\" background_repeat=\"repeat\" hover_enabled=\"0\" border_style=\"solid\" global_colors_info=\"{}\" sticky_enabled=\"0\"]<\/p><p><strong>Hoffmann GmbH<\/strong><\/p><p>Industriestra\u00dfe 15<br \/>96145 Se\u00dflach<br \/>Tel.: +49 95 69-92 41-0<br \/>Fax: +49 95 69-92 41-25<\/p><p><a id=\"mail\" href=\"mailto:info@hoffmannsprings.eu\">info@hoffmannsprings.eu<\/a><\/p><p>Gesch\u00e4ftsf\u00fchrer:<br \/>Gerhard Hoffmann<br \/>Dipl.-Ing (FH)<\/p><p>Sitz der Gesellschaft:<\/p><p>Industriestra\u00dfe 15<br \/>96145 Se\u00dflach<br \/>Reg.-Gericht Coburg, HRB1614<br \/>Ust.-IDNr. DE254390034<\/p><p><strong>Urheberrecht:<\/strong><\/p><p>\u00a9 Hoffmann GmbH Copyright 2014<\/p><p>Diese Website wurde mit gr\u00f6\u00dftm\u00f6glicher F\u00fcrsorglichkeit zusammengestellt.<br \/>Wir k\u00f6nnen aber nicht f\u00fcr die Fehlerfreiheit und Genauigkeit der enthaltenen Informationen garantieren. Sollten wir das Urheberrecht Dritter verletzt oder Sie Fragen haben, bitten wir um sofortige Benachrichtigung.<\/p><p>\u00a0<\/p><p>\u00a0<\/p><p>Der Inhalt dieser Web-Site ist urheberrechtlich gesch\u00fctzt.<\/p><p>Wir r\u00e4umen Ihnen aber das Recht ein, das im Internet bereitgestellte Material zu privaten Zwecken zu speichern und zu vervielf\u00e4ltigen.<\/p><p>Kommerzielle Nutzung zur Weiterver\u00f6ffentlichung oder kostenlosen Verteilung ist nur nach Absprache mit der Hoffmann GmbH erlaubt.<\/p><p>Diese Hinweise unterliegen der Aktualisierung.<\/p><p><strong>Haftung:<\/strong><\/p><p>Wir, die Hoffmann GmbH, sind bem\u00fcht, auf dieser Web-Site nur vollst\u00e4ndige und richtige Informationen zu ver\u00f6ffentlichen. Wir k\u00f6nnen jedoch keine Haftung oder Garantie f\u00fcr Aktualit\u00e4t, Richtigkeit und Vollst\u00e4ndigkeit der Informationen \u00fcbernehmen.<br \/>Die Site ist st\u00e4ndig Ver\u00e4nderungen und Erg\u00e4nzungen unterworfen, die der Aktualisierung und Vervollst\u00e4ndigung der angebotenen Informationen und Funktionen dienen.<\/p><p>Der Herausgeber der Site, die Hoffmann GmbH, haftet nicht f\u00fcr direkte oder indirekte Sch\u00e4den, einschlie\u00dflich entgangenen Gewinns, die mit der Nutzung des Informations- und Funktionsangebots dieser Site in Verbindung gebracht werden k\u00f6nnen.<br \/>Dies gilt auch f\u00fcr die Links (Verbindungen) zu anderen Sites, auf die die Hoffmann GmbH keinen Einfluss hat, und f\u00fcr deren Inhalt keine Verantwortung \u00fcbernommen werden kann.<\/p><p>\u00a0<\/p><p><strong>Design und Umsetzung:<\/strong><\/p><p><a href=\"https:\/\/www.creative-background.de\" target=\"_blank\" rel=\"noopener\">creative background \u2013<br \/>die Werbeagentur<br \/>in Coburg<\/a><\/p><p>\u00a0<\/p><p>\u00a0<\/p><p>\u00a0<\/p><p>\u00a0<\/p><p>[\/et_pb_text][\/et_pb_column][\/et_pb_row][\/et_pb_section][et_pb_section fb_built=\"1\" _builder_version=\"4.20.2\" _module_preset=\"default\" background_color=\"#dedede\" global_colors_info=\"{}\" global_module=\"4557\" theme_builder_area=\"post_content\"][et_pb_row column_structure=\"1_4,1_4,1_4,1_4\" _builder_version=\"4.20.2\" _module_preset=\"default\" global_colors_info=\"{}\" theme_builder_area=\"post_content\"][et_pb_column type=\"1_4\" _builder_version=\"4.20.2\" _module_preset=\"default\" global_colors_info=\"{}\" theme_builder_area=\"post_content\"][et_pb_image src=\"https:\/\/www.hoffmann-federkerne.de\/wp-dt\/wp-content\/uploads\/2019\/04\/Logo-Hoffmann_blau_2018-1.png\" title_text=\"Logo-Hoffmann_blau_2018\" _builder_version=\"4.20.2\" _module_preset=\"default\" global_colors_info=\"{}\" theme_builder_area=\"post_content\"][\/et_pb_image][\/et_pb_column][et_pb_column type=\"1_4\" _builder_version=\"4.20.2\" _module_preset=\"default\" global_colors_info=\"{}\" theme_builder_area=\"post_content\"][\/et_pb_column][et_pb_column type=\"1_4\" _builder_version=\"4.20.2\" _module_preset=\"default\" global_colors_info=\"{}\" theme_builder_area=\"post_content\"][et_pb_image src=\"https:\/\/www.hoffmann-federkerne.de\/wp-dt\/wp-content\/uploads\/2023\/05\/OEKO_weiss.png\" title_text=\"OEKO_weiss\" _builder_version=\"4.20.2\" _module_preset=\"default\" global_colors_info=\"{}\" theme_builder_area=\"post_content\"][\/et_pb_image][\/et_pb_column][et_pb_column type=\"1_4\" _builder_version=\"4.20.2\" _module_preset=\"default\" global_colors_info=\"{}\" theme_builder_area=\"post_content\"][et_pb_image src=\"https:\/\/www.hoffmann-federkerne.de\/wp-dt\/wp-content\/uploads\/2023\/05\/LGA-Logo-verbessert_weiss.png\" title_text=\"LGA-Logo-verbessert_weiss\" _builder_version=\"4.20.2\" _module_preset=\"default\" custom_margin=\"10px||||false|false\" global_colors_info=\"{}\" theme_builder_area=\"post_content\"][\/et_pb_image][\/et_pb_column][\/et_pb_row][et_pb_row column_structure=\"1_5,1_5,3_5\" _builder_version=\"4.20.2\" _module_preset=\"default\" global_colors_info=\"{}\" theme_builder_area=\"post_content\"][et_pb_column type=\"1_5\" _builder_version=\"4.20.2\" _module_preset=\"default\" global_colors_info=\"{}\" theme_builder_area=\"post_content\"][et_pb_text _builder_version=\"4.20.2\" _module_preset=\"default\" header_text_color=\"#E02B20\" header_3_text_color=\"#004a83\" global_colors_info=\"{}\" theme_builder_area=\"post_content\"]<\/p><h3><strong>DEUTSCHLAND<\/strong><\/h3><p>Hoffmann GmbH<br \/>Industriestra\u00dfe 15<br \/>96145 Se\u00dflach<\/p><p>Tel.: +49 95 69-92 41-0<br \/>Fax: +49 95 69-92 41-25<\/p><p>www.hoffmannsprings.eu<br \/><span style=\"color: #000000;\"><a style=\"color: #000000;\" href=\"mailto:info@hoffmannsprings.eu\">info@hoffmannsprings.eu<\/a><\/span><\/p><p>[\/et_pb_text][et_pb_divider _builder_version=\"4.20.2\" _module_preset=\"default\" custom_margin=\"||0px||false|false\" custom_padding=\"||0px||false|false\" global_colors_info=\"{}\" theme_builder_area=\"post_content\"][\/et_pb_divider][et_pb_text admin_label=\"B\u00fcrozeiten\" _builder_version=\"4.20.2\" custom_padding=\"||9px|||\" border_style=\"solid\" global_colors_info=\"{}\" theme_builder_area=\"post_content\"]<\/p><h4><strong>B\u00fcrozeiten<\/strong><\/h4><p><strong>Mo. - \u00a0Do.: 7:00 bis 15:15 Uhr<\/strong><br \/><strong>Fr.: 7:00 bis 12:15 Uhr<\/strong><\/p><p>[\/et_pb_text][\/et_pb_column][et_pb_column type=\"1_5\" _builder_version=\"4.20.2\" _module_preset=\"default\" global_colors_info=\"{}\" theme_builder_area=\"post_content\"][et_pb_text _builder_version=\"4.20.2\" _module_preset=\"default\" header_text_color=\"#E02B20\" header_3_text_color=\"#004a83\" global_colors_info=\"{}\" theme_builder_area=\"post_content\"]<\/p><h3><strong>POLEN<\/strong><\/h3><p>Hoffmann Sp. z o. o.<br \/>ul. Leszczy\u0144ska 24A<br \/>64-030 \u015amigiel<\/p><p>Tel.: \u00a0+48 65 511-78-50<br \/>Fax: \u00a0+48 65 518-07-93<\/p><p>www.hoffmannsprings.eu<br \/><span style=\"color: #000000;\"><a style=\"color: #000000;\" href=\"mailto:info@hoffmannsprings.pl\">info@hoffmannsprings.pl<\/a><\/span><\/p><p>[\/et_pb_text][et_pb_divider _builder_version=\"4.20.2\" _module_preset=\"default\" custom_margin=\"||0px||false|false\" custom_padding=\"||0px||false|false\" global_colors_info=\"{}\" theme_builder_area=\"post_content\"][\/et_pb_divider][et_pb_text admin_label=\"B\u00fcrozeiten\" _builder_version=\"4.20.2\" custom_padding=\"||9px|||\" border_style=\"solid\" global_colors_info=\"{}\" theme_builder_area=\"post_content\"]<\/p><h4><strong>B\u00fcrozeiten<\/strong><\/h4><p><strong>Mo. - Fr.: \u00a0 \u00a08:00 bis 16:00<\/strong><\/p><p>[\/et_pb_text][\/et_pb_column][et_pb_column type=\"3_5\" _builder_version=\"4.20.2\" _module_preset=\"default\" global_colors_info=\"{}\" theme_builder_area=\"post_content\"][et_pb_image src=\"https:\/\/www.hoffmann-federkerne.de\/wp-dt\/wp-content\/uploads\/2023\/05\/karte-deutschland-polen.png\" title_text=\"karte-deutschland-polen\" _builder_version=\"4.20.2\" _module_preset=\"default\" global_colors_info=\"{}\" theme_builder_area=\"post_content\"][\/et_pb_image][\/et_pb_column][\/et_pb_row][et_pb_row column_structure=\"1_4,1_4,1_4,1_4\" _builder_version=\"4.20.2\" _module_preset=\"default\" global_colors_info=\"{}\" theme_builder_area=\"post_content\"][et_pb_column type=\"1_4\" _builder_version=\"4.20.2\" _module_preset=\"default\" global_colors_info=\"{}\" theme_builder_area=\"post_content\"][\/et_pb_column][et_pb_column type=\"1_4\" _builder_version=\"4.20.2\" _module_preset=\"default\" global_colors_info=\"{}\" theme_builder_area=\"post_content\"][\/et_pb_column][et_pb_column type=\"1_4\" _builder_version=\"4.20.2\" _module_preset=\"default\" global_colors_info=\"{}\" theme_builder_area=\"post_content\"][\/et_pb_column][et_pb_column type=\"1_4\" _builder_version=\"4.20.2\" _module_preset=\"default\" global_colors_info=\"{}\" theme_builder_area=\"post_content\"][\/et_pb_column][\/et_pb_row][\/et_pb_section]<\/p>","_et_gb_content_width":"","footnotes":""},"class_list":["post-5394","page","type-page","status-publish","hentry"],"wps_subtitle":"","_links":{"self":[{"href":"https:\/\/www.hoffmann-federkerne.de\/en\/wp-json\/wp\/v2\/pages\/5394","targetHints":{"allow":["GET"]}}],"collection":[{"href":"https:\/\/www.hoffmann-federkerne.de\/en\/wp-json\/wp\/v2\/pages"}],"about":[{"href":"https:\/\/www.hoffmann-federkerne.de\/en\/wp-json\/wp\/v2\/types\/page"}],"author":[{"embeddable":true,"href":"https:\/\/www.hoffmann-federkerne.de\/en\/wp-json\/wp\/v2\/users\/5"}],"replies":[{"embeddable":true,"href":"https:\/\/www.hoffmann-federkerne.de\/en\/wp-json\/wp\/v2\/comments?post=5394"}],"version-history":[{"count":10,"href":"https:\/\/www.hoffmann-federkerne.de\/en\/wp-json\/wp\/v2\/pages\/5394\/revisions"}],"predecessor-version":[{"id":5914,"href":"https:\/\/www.hoffmann-federkerne.de\/en\/wp-json\/wp\/v2\/pages\/5394\/revisions\/5914"}],"wp:attachment":[{"href":"https:\/\/www.hoffmann-federkerne.de\/en\/wp-json\/wp\/v2\/media?parent=5394"}],"curies":[{"name":"wp","href":"https:\/\/api.w.org\/{rel}","templated":true}]}}